{"id":999,"date":"2022-03-29T14:21:39","date_gmt":"2022-03-29T12:21:39","guid":{"rendered":"https:\/\/helioconsult.de\/kontakt-template\/"},"modified":"2022-05-06T14:20:25","modified_gmt":"2022-05-06T12:20:25","slug":"contact-template","status":"publish","type":"page","link":"https:\/\/helioconsult.de\/en\/contact-template\/","title":{"rendered":"Contact-Template"},"content":{"rendered":"<div id='av_section_1'  class='avia-section av-npved-34ea3e5c3ed9267dcefc1977afd60742 main_color avia-section-large avia-no-border-styling  avia-builder-el-0  avia-builder-el-no-sibling  avia-bg-style-scroll container_wrap fullsize'  ><div class='container av-section-cont-open' ><main  role=\"main\" itemprop=\"mainContentOfPage\"  class='template-page content  av-content-full alpha units'><div class='post-entry post-entry-type-page post-entry-999'><div class='entry-content-wrapper clearfix'>\n<div class='flex_column_table av-l1c3xx0k-91aaccfbc003fbb1622a100ac3f31539 sc-av_one_half av-equal-height-column-flextable'>\n<style type=\"text\/css\" data-created_by=\"avia_inline_auto\" id=\"style-css-av-l1c3xx0k-91aaccfbc003fbb1622a100ac3f31539\">\n.flex_column.av-l1c3xx0k-91aaccfbc003fbb1622a100ac3f31539{\nwidth:47.5%;\nmargin-left:0;\nbackground:url(https:\/\/helioconsult.de\/wp-content\/uploads\/2022\/03\/contact-envelope.png) 50% 50% no-repeat scroll ;\n}\n#top .flex_column_table.av-equal-height-column-flextable.av-l1c3xx0k-91aaccfbc003fbb1622a100ac3f31539 .av-flex-placeholder{\nwidth:5%;\n}\n<\/style>\n<div  class='flex_column av-l1c3xx0k-91aaccfbc003fbb1622a100ac3f31539 av_one_half  avia-builder-el-1  el_before_av_one_half  avia-builder-el-first  first flex_column_table_cell av-equal-height-column av-align-top avia-full-contain  '     ><p>\n<style type=\"text\/css\" data-created_by=\"avia_inline_auto\" id=\"style-css-av-l1c3yk1r-f43e66fb23e90d3a55a9848a9635b70c\">\n#top .av-special-heading.av-l1c3yk1r-f43e66fb23e90d3a55a9848a9635b70c{\npadding-bottom:10px;\n}\nbody .av-special-heading.av-l1c3yk1r-f43e66fb23e90d3a55a9848a9635b70c .av-special-heading-tag .heading-char{\nfont-size:25px;\n}\n.av-special-heading.av-l1c3yk1r-f43e66fb23e90d3a55a9848a9635b70c .av-subheading{\nfont-size:15px;\n}\n<\/style>\n<div  class='av-special-heading av-l1c3yk1r-f43e66fb23e90d3a55a9848a9635b70c av-special-heading-h2 blockquote modern-quote  avia-builder-el-2  el_before_av_textblock  avia-builder-el-first '><h2 class='av-special-heading-tag '  itemprop=\"headline\"  >Request now without obligation<\/h2><div class=\"special-heading-border\"><div class=\"special-heading-inner-border\"><\/div><\/div><\/div><br \/>\n<section  class='av_textblock_section av-l1c3yuow-579b26a51c337354df3563576e93f844 '   itemscope=\"itemscope\" itemtype=\"https:\/\/schema.org\/CreativeWork\" ><div class='avia_textblock'  itemprop=\"text\" ><p>Are you looking for more information about our services? You want to arrange a personal meeting or become a partner? Please use our contact form below.<\/p>\n<\/div><\/section><\/p><\/div><div class='av-flex-placeholder'><\/div>\n<style type=\"text\/css\" data-created_by=\"avia_inline_auto\" id=\"style-css-av-ej5j9-ec8c31710669fc5fe566f2ca585718ab\">\n.flex_column.av-ej5j9-ec8c31710669fc5fe566f2ca585718ab{\nwidth:47.5%;\nmargin-left:0;\n}\n#top .flex_column_table.av-equal-height-column-flextable.av-ej5j9-ec8c31710669fc5fe566f2ca585718ab .av-flex-placeholder{\nwidth:5%;\n}\n<\/style>\n<div  class='flex_column av-ej5j9-ec8c31710669fc5fe566f2ca585718ab av_one_half  avia-builder-el-4  el_after_av_one_half  avia-builder-el-last  flex_column_table_cell av-equal-height-column av-align-top  '     ><\/div><\/div><!--close column table wrapper. Autoclose: 1 -->\n","protected":false},"excerpt":{"rendered":"","protected":false},"author":1,"featured_media":0,"parent":0,"menu_order":0,"comment_status":"closed","ping_status":"closed","template":"","meta":{"footnotes":""},"class_list":["post-999","page","type-page","status-publish","hentry"],"yoast_head":"<!-- This site is optimized with the Yoast SEO plugin v27.4 - https:\/\/yoast.com\/product\/yoast-seo-wordpress\/ -->\n<title>Contact-Template - helioconsult<\/title>\n<meta name=\"robots\" content=\"index, follow, max-snippet:-1, max-image-preview:large, max-video-preview:-1\" \/>\n<link rel=\"canonical\" href=\"https:\/\/helioconsult.de\/en\/contact-template\/\" \/>\n<meta property=\"og:locale\" content=\"en_US\" \/>\n<meta property=\"og:type\" content=\"article\" \/>\n<meta property=\"og:title\" content=\"Contact-Template - helioconsult\" \/>\n<meta property=\"og:url\" content=\"https:\/\/helioconsult.de\/en\/contact-template\/\" \/>\n<meta property=\"og:site_name\" content=\"helioconsult\" \/>\n<meta property=\"article:modified_time\" content=\"2022-05-06T12:20:25+00:00\" \/>\n<meta name=\"twitter:card\" content=\"summary_large_image\" \/>\n<meta name=\"twitter:label1\" content=\"Est. reading time\" \/>\n\t<meta name=\"twitter:data1\" content=\"5 minutes\" \/>\n<script type=\"application\/ld+json\" class=\"yoast-schema-graph\">{\"@context\":\"https:\\\/\\\/schema.org\",\"@graph\":[{\"@type\":\"WebPage\",\"@id\":\"https:\\\/\\\/helioconsult.de\\\/en\\\/contact-template\\\/\",\"url\":\"https:\\\/\\\/helioconsult.de\\\/en\\\/contact-template\\\/\",\"name\":\"Contact-Template - helioconsult\",\"isPartOf\":{\"@id\":\"https:\\\/\\\/helioconsult.de\\\/#website\"},\"datePublished\":\"2022-03-29T12:21:39+00:00\",\"dateModified\":\"2022-05-06T12:20:25+00:00\",\"breadcrumb\":{\"@id\":\"https:\\\/\\\/helioconsult.de\\\/en\\\/contact-template\\\/#breadcrumb\"},\"inLanguage\":\"en-US\",\"potentialAction\":[{\"@type\":\"ReadAction\",\"target\":[\"https:\\\/\\\/helioconsult.de\\\/en\\\/contact-template\\\/\"]}]},{\"@type\":\"BreadcrumbList\",\"@id\":\"https:\\\/\\\/helioconsult.de\\\/en\\\/contact-template\\\/#breadcrumb\",\"itemListElement\":[{\"@type\":\"ListItem\",\"position\":1,\"name\":\"Startseite\",\"item\":\"https:\\\/\\\/helioconsult.de\\\/en\\\/\"},{\"@type\":\"ListItem\",\"position\":2,\"name\":\"Contact-Template\"}]},{\"@type\":\"WebSite\",\"@id\":\"https:\\\/\\\/helioconsult.de\\\/#website\",\"url\":\"https:\\\/\\\/helioconsult.de\\\/\",\"name\":\"helioconsult\",\"description\":\"Ihr unabh\u00e4ngiger Partner f\u00fcr erneuerbare Energiel\u00f6sungen\",\"potentialAction\":[{\"@type\":\"SearchAction\",\"target\":{\"@type\":\"EntryPoint\",\"urlTemplate\":\"https:\\\/\\\/helioconsult.de\\\/?s={search_term_string}\"},\"query-input\":{\"@type\":\"PropertyValueSpecification\",\"valueRequired\":true,\"valueName\":\"search_term_string\"}}],\"inLanguage\":\"en-US\"}]}<\/script>\n<!-- \/ Yoast SEO plugin. -->","yoast_head_json":{"title":"Contact-Template - helioconsult","robots":{"index":"index","follow":"follow","max-snippet":"max-snippet:-1","max-image-preview":"max-image-preview:large","max-video-preview":"max-video-preview:-1"},"canonical":"https:\/\/helioconsult.de\/en\/contact-template\/","og_locale":"en_US","og_type":"article","og_title":"Contact-Template - helioconsult","og_url":"https:\/\/helioconsult.de\/en\/contact-template\/","og_site_name":"helioconsult","article_modified_time":"2022-05-06T12:20:25+00:00","twitter_card":"summary_large_image","twitter_misc":{"Est. reading time":"5 minutes"},"schema":{"@context":"https:\/\/schema.org","@graph":[{"@type":"WebPage","@id":"https:\/\/helioconsult.de\/en\/contact-template\/","url":"https:\/\/helioconsult.de\/en\/contact-template\/","name":"Contact-Template - helioconsult","isPartOf":{"@id":"https:\/\/helioconsult.de\/#website"},"datePublished":"2022-03-29T12:21:39+00:00","dateModified":"2022-05-06T12:20:25+00:00","breadcrumb":{"@id":"https:\/\/helioconsult.de\/en\/contact-template\/#breadcrumb"},"inLanguage":"en-US","potentialAction":[{"@type":"ReadAction","target":["https:\/\/helioconsult.de\/en\/contact-template\/"]}]},{"@type":"BreadcrumbList","@id":"https:\/\/helioconsult.de\/en\/contact-template\/#breadcrumb","itemListElement":[{"@type":"ListItem","position":1,"name":"Startseite","item":"https:\/\/helioconsult.de\/en\/"},{"@type":"ListItem","position":2,"name":"Contact-Template"}]},{"@type":"WebSite","@id":"https:\/\/helioconsult.de\/#website","url":"https:\/\/helioconsult.de\/","name":"helioconsult","description":"Ihr unabh\u00e4ngiger Partner f\u00fcr erneuerbare Energiel\u00f6sungen","potentialAction":[{"@type":"SearchAction","target":{"@type":"EntryPoint","urlTemplate":"https:\/\/helioconsult.de\/?s={search_term_string}"},"query-input":{"@type":"PropertyValueSpecification","valueRequired":true,"valueName":"search_term_string"}}],"inLanguage":"en-US"}]}},"_links":{"self":[{"href":"https:\/\/helioconsult.de\/en\/wp-json\/wp\/v2\/pages\/999","targetHints":{"allow":["GET"]}}],"collection":[{"href":"https:\/\/helioconsult.de\/en\/wp-json\/wp\/v2\/pages"}],"about":[{"href":"https:\/\/helioconsult.de\/en\/wp-json\/wp\/v2\/types\/page"}],"author":[{"embeddable":true,"href":"https:\/\/helioconsult.de\/en\/wp-json\/wp\/v2\/users\/1"}],"replies":[{"embeddable":true,"href":"https:\/\/helioconsult.de\/en\/wp-json\/wp\/v2\/comments?post=999"}],"version-history":[{"count":5,"href":"https:\/\/helioconsult.de\/en\/wp-json\/wp\/v2\/pages\/999\/revisions"}],"predecessor-version":[{"id":2157,"href":"https:\/\/helioconsult.de\/en\/wp-json\/wp\/v2\/pages\/999\/revisions\/2157"}],"wp:attachment":[{"href":"https:\/\/helioconsult.de\/en\/wp-json\/wp\/v2\/media?parent=999"}],"curies":[{"name":"wp","href":"https:\/\/api.w.org\/{rel}","templated":true}]}}