{"id":492,"date":"2022-04-08T14:31:23","date_gmt":"2022-04-08T12:31:23","guid":{"rendered":"https:\/\/helioconsult.de\/machen\/"},"modified":"2022-04-21T09:57:17","modified_gmt":"2022-04-21T07:57:17","slug":"doing","status":"publish","type":"page","link":"https:\/\/helioconsult.de\/en\/doing\/","title":{"rendered":"Doing"},"content":{"rendered":"<div id='av_section_1'  class='avia-section av-1zcjy9-9886d9e4129c11fb3e4ba4962b83e411 main_color avia-section-large avia-no-border-styling  avia-builder-el-0  el_before_av_postcontent  avia-builder-el-first  no-pd-top ec-iconbox avia-bg-style-scroll container_wrap fullsize'  ><div class='container av-section-cont-open' ><main  role=\"main\" itemprop=\"mainContentOfPage\"  class='template-page content  av-content-full alpha units'><div class='post-entry post-entry-type-page post-entry-492'><div class='entry-content-wrapper clearfix'>\n<div  class='flex_column av-1orf9t-0dcd3b5f85c3e3863908c7db5c91ad2d av_one_full  avia-builder-el-1  el_before_av_one_half  avia-builder-el-first  first flex_column_div  '     ><style type=\"text\/css\" data-created_by=\"avia_inline_auto\" id=\"style-css-av-l25vkn7y-0681fbdb3507b08c0871539a0e006e38\">\n#top .av-special-heading.av-l25vkn7y-0681fbdb3507b08c0871539a0e006e38{\npadding-bottom:10px;\n}\nbody .av-special-heading.av-l25vkn7y-0681fbdb3507b08c0871539a0e006e38 .av-special-heading-tag .heading-char{\nfont-size:25px;\n}\n.av-special-heading.av-l25vkn7y-0681fbdb3507b08c0871539a0e006e38 .av-subheading{\nfont-size:20px;\n}\n<\/style>\n<div  class='av-special-heading av-l25vkn7y-0681fbdb3507b08c0871539a0e006e38 av-special-heading-h1 blockquote modern-quote modern-centered  avia-builder-el-2  avia-builder-el-no-sibling '><h1 class='av-special-heading-tag '  itemprop=\"headline\"  >Doing<\/h1><div class='av-subheading av-subheading_below'><p>We make sure your projects are finalized successfully.<\/p>\n<\/div><div class=\"special-heading-border\"><div class=\"special-heading-inner-border\"><\/div><\/div><\/div><\/div>\n<style type=\"text\/css\" data-created_by=\"avia_inline_auto\" id=\"style-css-av-1kmoc1-8f7b0adc3e60077499c5f493a616deb0\">\n.flex_column.av-1kmoc1-8f7b0adc3e60077499c5f493a616deb0{\npadding:0 0 0 80px;\n}\n<\/style>\n<div  class='flex_column av-1kmoc1-8f7b0adc3e60077499c5f493a616deb0 av_one_half  avia-builder-el-3  el_after_av_one_full  el_before_av_one_half  no-padding-mobile first flex_column_div  column-top-margin'     ><style type=\"text\/css\" data-created_by=\"avia_inline_auto\" id=\"style-css-av-l28pmqek-4942b9d835e1decdac1d5630a09d51cb\">\n#top .avia-icon-list-container.av-l28pmqek-4942b9d835e1decdac1d5630a09d51cb .iconlist_icon{\ncolor:#c1272d;\nbackground-color:#ffffff;\nfont-size:20px;\n}\n#top .avia-icon-list-container.av-l28pmqek-4942b9d835e1decdac1d5630a09d51cb .iconlist_icon svg:first-child{\nstroke:#c1272d;\nfill:#c1272d;\nheight:20px;\nwidth:20px;\n}\n#top #wrap_all .avia-icon-list-container.av-l28pmqek-4942b9d835e1decdac1d5630a09d51cb .av_iconlist_title{\nfont-size:20px;\n}\n<\/style>\n<div  class='avia-icon-list-container av-l28pmqek-4942b9d835e1decdac1d5630a09d51cb  avia-builder-el-4  avia-builder-el-no-sibling '><ul class='avia-icon-list avia_animate_when_almost_visible avia-icon-list-left av-iconlist-small av-l28pmqek-4942b9d835e1decdac1d5630a09d51cb'>\n<li><div class='iconlist_icon av-l28plqeu-6c0c83f8424e1599467e927fe99114a5 avia-font-helioconsult-iconfont avia-iconfont avia-font-helioconsult-iconfont'><span class='av-icon-char' data-av_icon='\ue90a' data-av_iconfont='helioconsult-iconfont' aria-hidden=\"true\"><\/span><\/div><article class=\"article-icon-entry av-iconlist-empty\"  itemscope=\"itemscope\" itemtype=\"https:\/\/schema.org\/CreativeWork\" ><div class=\"iconlist_content_wrap\"><header class=\"entry-content-header\" aria-label=\"Icon: Coordination of Project Realization\"><div class='av_iconlist_title iconlist_title_small  '  itemprop=\"headline\" >Coordination of Project Realization<\/div><\/header><div class='iconlist_content '  itemprop=\"text\" ><\/div><\/div><footer class=\"entry-footer\"><\/footer><\/article><div class=\"iconlist-timeline\"><\/div><\/li>\n<li><div class='iconlist_icon av-l28plv0s-48e3786e3bdf733bccff085dbb723974 avia-font-helioconsult-iconfont avia-iconfont avia-font-helioconsult-iconfont'><span class='av-icon-char' data-av_icon='\ue90a' data-av_iconfont='helioconsult-iconfont' aria-hidden=\"true\"><\/span><\/div><article class=\"article-icon-entry av-iconlist-empty\"  itemscope=\"itemscope\" itemtype=\"https:\/\/schema.org\/CreativeWork\" ><div class=\"iconlist_content_wrap\"><header class=\"entry-content-header\" aria-label=\"Icon: Commissioning Coordination\"><div class='av_iconlist_title iconlist_title_small  '  itemprop=\"headline\" >Commissioning Coordination<\/div><\/header><div class='iconlist_content '  itemprop=\"text\" ><\/div><\/div><footer class=\"entry-footer\"><\/footer><\/article><div class=\"iconlist-timeline\"><\/div><\/li>\n<li><div class='iconlist_icon av-l28pm1rg-92d4803703f74d3912ffdaa4f7796a44 avia-font-helioconsult-iconfont avia-iconfont avia-font-helioconsult-iconfont'><span class='av-icon-char' data-av_icon='\ue90a' data-av_iconfont='helioconsult-iconfont' aria-hidden=\"true\"><\/span><\/div><article class=\"article-icon-entry av-iconlist-empty\"  itemscope=\"itemscope\" itemtype=\"https:\/\/schema.org\/CreativeWork\" ><div class=\"iconlist_content_wrap\"><header class=\"entry-content-header\" aria-label=\"Icon: Project Management\"><div class='av_iconlist_title iconlist_title_small  '  itemprop=\"headline\" >Project Management<\/div><\/header><div class='iconlist_content '  itemprop=\"text\" ><\/div><\/div><footer class=\"entry-footer\"><\/footer><\/article><div class=\"iconlist-timeline\"><\/div><\/li>\n<li><div class='iconlist_icon av-l28pma5r-b443d4c9a9e3a937b162c46aa3753801 avia-font-helioconsult-iconfont avia-iconfont avia-font-helioconsult-iconfont'><span class='av-icon-char' data-av_icon='\ue90a' data-av_iconfont='helioconsult-iconfont' aria-hidden=\"true\"><\/span><\/div><article class=\"article-icon-entry av-iconlist-empty\"  itemscope=\"itemscope\" itemtype=\"https:\/\/schema.org\/CreativeWork\" ><div class=\"iconlist_content_wrap\"><header class=\"entry-content-header\" aria-label=\"Icon: System Optimization\"><div class='av_iconlist_title iconlist_title_small  '  itemprop=\"headline\" >System Optimization<\/div><\/header><div class='iconlist_content '  itemprop=\"text\" ><\/div><\/div><footer class=\"entry-footer\"><\/footer><\/article><div class=\"iconlist-timeline\"><\/div><\/li>\n<li><div class='iconlist_icon av-l28pmibb-7eef155f375ad498a38fd6ccb9c214a3 avia-font-helioconsult-iconfont avia-iconfont avia-font-helioconsult-iconfont'><span class='av-icon-char' data-av_icon='\ue90a' data-av_iconfont='helioconsult-iconfont' aria-hidden=\"true\"><\/span><\/div><article class=\"article-icon-entry av-iconlist-empty\"  itemscope=\"itemscope\" itemtype=\"https:\/\/schema.org\/CreativeWork\" ><div class=\"iconlist_content_wrap\"><header class=\"entry-content-header\" aria-label=\"Icon: Coordination Removal of Defects\"><div class='av_iconlist_title iconlist_title_small  '  itemprop=\"headline\" >Coordination Removal of Defects<\/div><\/header><div class='iconlist_content '  itemprop=\"text\" ><\/div><\/div><footer class=\"entry-footer\"><\/footer><\/article><div class=\"iconlist-timeline\"><\/div><\/li>\n<li><div class='iconlist_icon av-l28pmpy2-fb4d389c4600416c2880f82e100f1a43 avia-font-helioconsult-iconfont avia-iconfont avia-font-helioconsult-iconfont'><span class='av-icon-char' data-av_icon='\ue90a' data-av_iconfont='helioconsult-iconfont' aria-hidden=\"true\"><\/span><\/div><article class=\"article-icon-entry av-iconlist-empty\"  itemscope=\"itemscope\" itemtype=\"https:\/\/schema.org\/CreativeWork\" ><div class=\"iconlist_content_wrap\"><header class=\"entry-content-header\" aria-label=\"Icon: Support International Projects\"><div class='av_iconlist_title iconlist_title_small  '  itemprop=\"headline\" >Support International Projects<\/div><\/header><div class='iconlist_content '  itemprop=\"text\" ><\/div><\/div><footer class=\"entry-footer\"><\/footer><\/article><div class=\"iconlist-timeline\"><\/div><\/li>\n<\/ul><\/div><\/div>\n<style type=\"text\/css\" data-created_by=\"avia_inline_auto\" id=\"style-css-av-1r6a1-c06011567646b8b20701d700d079272f\">\n.flex_column.av-1r6a1-c06011567646b8b20701d700d079272f{\npadding:0 0 0 80px;\n}\n<\/style>\n<div  class='flex_column av-1r6a1-c06011567646b8b20701d700d079272f av_one_half  avia-builder-el-5  el_after_av_one_half  avia-builder-el-last  no-padding-mobile flex_column_div  column-top-margin'     ><style type=\"text\/css\" data-created_by=\"avia_inline_auto\" id=\"style-css-av-l28pnihh-ab64ddbbeaa36d8a04d58cdeb6c9e400\">\n#top .avia-icon-list-container.av-l28pnihh-ab64ddbbeaa36d8a04d58cdeb6c9e400 .iconlist_icon{\ncolor:#c1272d;\nbackground-color:#ffffff;\nfont-size:20px;\n}\n#top .avia-icon-list-container.av-l28pnihh-ab64ddbbeaa36d8a04d58cdeb6c9e400 .iconlist_icon svg:first-child{\nstroke:#c1272d;\nfill:#c1272d;\nheight:20px;\nwidth:20px;\n}\n#top #wrap_all .avia-icon-list-container.av-l28pnihh-ab64ddbbeaa36d8a04d58cdeb6c9e400 .av_iconlist_title{\nfont-size:20px;\n}\n<\/style>\n<div  class='avia-icon-list-container av-l28pnihh-ab64ddbbeaa36d8a04d58cdeb6c9e400  avia-builder-el-6  avia-builder-el-no-sibling '><ul class='avia-icon-list avia_animate_when_almost_visible avia-icon-list-left av-iconlist-small av-l28pnihh-ab64ddbbeaa36d8a04d58cdeb6c9e400'>\n<li><div class='iconlist_icon av-av_iconlist_item-b71d2160fafe298f70fdb16a89253a1f avia-font-helioconsult-iconfont avia-iconfont avia-font-helioconsult-iconfont'><span class='av-icon-char' data-av_icon='\ue90a' data-av_iconfont='helioconsult-iconfont' aria-hidden=\"true\"><\/span><\/div><article class=\"article-icon-entry av-iconlist-empty\"  itemscope=\"itemscope\" itemtype=\"https:\/\/schema.org\/CreativeWork\" ><div class=\"iconlist_content_wrap\"><header class=\"entry-content-header\" aria-label=\"Icon: Business Development \"><div class='av_iconlist_title iconlist_title_small  '  itemprop=\"headline\" >Business Development <\/div><\/header><div class='iconlist_content '  itemprop=\"text\" ><\/div><\/div><footer class=\"entry-footer\"><\/footer><\/article><div class=\"iconlist-timeline\"><\/div><\/li>\n<li><div class='iconlist_icon av-l28pmzbj-6eceb246c24a4e2447ebced77f680690 avia-font-helioconsult-iconfont avia-iconfont avia-font-helioconsult-iconfont'><span class='av-icon-char' data-av_icon='\ue90a' data-av_iconfont='helioconsult-iconfont' aria-hidden=\"true\"><\/span><\/div><article class=\"article-icon-entry av-iconlist-empty\"  itemscope=\"itemscope\" itemtype=\"https:\/\/schema.org\/CreativeWork\" ><div class=\"iconlist_content_wrap\"><header class=\"entry-content-header\" aria-label=\"Icon: In-House Project Development\"><div class='av_iconlist_title iconlist_title_small  '  itemprop=\"headline\" >In-House Project Development<\/div><\/header><div class='iconlist_content '  itemprop=\"text\" ><\/div><\/div><footer class=\"entry-footer\"><\/footer><\/article><div class=\"iconlist-timeline\"><\/div><\/li>\n<li><div class='iconlist_icon av-l28pn5l2-a112fd5face317140cf5b7c3da1b5db6 avia-font-helioconsult-iconfont avia-iconfont avia-font-helioconsult-iconfont'><span class='av-icon-char' data-av_icon='\ue90a' data-av_iconfont='helioconsult-iconfont' aria-hidden=\"true\"><\/span><\/div><article class=\"article-icon-entry av-iconlist-empty\"  itemscope=\"itemscope\" itemtype=\"https:\/\/schema.org\/CreativeWork\" ><div class=\"iconlist_content_wrap\"><header class=\"entry-content-header\" aria-label=\"Icon: Quality Management and Concepts\"><div class='av_iconlist_title iconlist_title_small  '  itemprop=\"headline\" >Quality Management and Concepts<\/div><\/header><div class='iconlist_content '  itemprop=\"text\" ><\/div><\/div><footer class=\"entry-footer\"><\/footer><\/article><div class=\"iconlist-timeline\"><\/div><\/li>\n<li><div class='iconlist_icon av-l28pnc4e-1b0396a403f937f1b2fb968c17413c95 avia-font-helioconsult-iconfont avia-iconfont avia-font-helioconsult-iconfont'><span class='av-icon-char' data-av_icon='\ue90a' data-av_iconfont='helioconsult-iconfont' aria-hidden=\"true\"><\/span><\/div><article class=\"article-icon-entry av-iconlist-empty\"  itemscope=\"itemscope\" itemtype=\"https:\/\/schema.org\/CreativeWork\" ><div class=\"iconlist_content_wrap\"><header class=\"entry-content-header\" aria-label=\"Icon: Innovation Management\"><div class='av_iconlist_title iconlist_title_small  '  itemprop=\"headline\" >Innovation Management<\/div><\/header><div class='iconlist_content '  itemprop=\"text\" ><\/div><\/div><footer class=\"entry-footer\"><\/footer><\/article><div class=\"iconlist-timeline\"><\/div><\/li>\n<li><div class='iconlist_icon av-l28pnhno-5c7991cbeb85a45beedc882bd1571c6b avia-font-helioconsult-iconfont avia-iconfont avia-font-helioconsult-iconfont'><span class='av-icon-char' data-av_icon='\ue90a' data-av_iconfont='helioconsult-iconfont' aria-hidden=\"true\"><\/span><\/div><article class=\"article-icon-entry av-iconlist-empty\"  itemscope=\"itemscope\" itemtype=\"https:\/\/schema.org\/CreativeWork\" ><div class=\"iconlist_content_wrap\"><header class=\"entry-content-header\" aria-label=\"Icon: Solar Product Development\"><div class='av_iconlist_title iconlist_title_small  '  itemprop=\"headline\" >Solar Product Development<\/div><\/header><div class='iconlist_content '  itemprop=\"text\" ><\/div><\/div><footer class=\"entry-footer\"><\/footer><\/article><div class=\"iconlist-timeline\"><\/div><\/li>\n<\/ul><\/div><\/div>[av_section min_height='' min_height_pc='25' min_height_px='500px' padding='large' custom_margin='0px' custom_margin_sync='true' svg_div_top='' svg_div_top_color='#333333' svg_div_top_width='100' svg_div_top_height='50' svg_div_top_max_height='none' svg_div_top_opacity='' svg_div_bottom='' svg_div_bottom_color='#333333' svg_div_bottom_width='100' svg_div_bottom_height='50' svg_div_bottom_max_height='none' svg_div_bottom_opacity='' color='main_color' background='bg_color' custom_bg='' background_gradient_direction='vertical' background_gradient_color1='#000000' background_gradient_color2='#ffffff' background_gradient_color3='' src='' attachment='' attachment_size='' attach='scroll' position='top left' repeat='no-repeat' video='' video_ratio='16:9' overlay_opacity='0.5' overlay_color='' overlay_pattern='' overlay_custom_pattern='' shadow='no-border-styling' bottom_border='no-border-styling' bottom_border_diagonal_color='#333333' bottom_border_diagonal_direction='' bottom_border_style='' custom_arrow_bg='' id='' custom_class='' template_class='' aria_label='' element_template='' one_element_template='' av_element_hidden_in_editor='0' av_uid='av-npved' sc_version='1.0']\r\n\r\n[av_one_half first min_height='av-equal-height-column' vertical_alignment='av-align-top' space='5' row_boxshadow_color='' row_boxshadow_width='10' margin='0px' margin_sync='true' mobile_breaking='' mobile_column_order='' min_col_height='' padding='' padding_sync='true' svg_div_top='' svg_div_top_color='#333333' svg_div_top_width='100' svg_div_top_height='50' svg_div_top_max_height='none' svg_div_top_opacity='' svg_div_bottom='' svg_div_bottom_color='#333333' svg_div_bottom_width='100' svg_div_bottom_height='50' svg_div_bottom_max_height='none' svg_div_bottom_opacity='' border='' border_style='solid' border_color='' radius='' radius_sync='true' column_boxshadow_color='' column_boxshadow_width='10' background='bg_color' background_color='' background_gradient_direction='vertical' background_gradient_color1='#000000' background_gradient_color2='#ffffff' background_gradient_color3='' src='https:\/\/helioconsult.de\/wp-content\/uploads\/2022\/03\/contact-envelope.png' attachment='275' attachment_size='full' background_position='center center' background_repeat='contain' highlight_size='1.1' animation='' link='' linktarget='' link_hover='' title_attr='' alt_attr='' mobile_display='' mobile_col_pos='0' id='' custom_class='' template_class='' aria_label='' element_template='' one_element_template='' av_uid='av-l1c3xx0k' sc_version='1.0']\r\n\r\n[av_heading heading='Request now without obligation' tag='h2' style='blockquote modern-quote' subheading_active='' show_icon='' icon='ue800' font='entypo-fontello' size='' av-medium-font-size-title='' av-small-font-size-title='' av-mini-font-size-title='' subheading_size='' av-medium-font-size='' av-small-font-size='' av-mini-font-size='' icon_size='' av-medium-font-size-1='' av-small-font-size-1='' av-mini-font-size-1='' color='' custom_font='' subheading_color='' seperator_color='' icon_color='' margin='' margin_sync='true' padding='10' icon_padding='10' headline_padding='' headline_padding_sync='true' link='' link_target='' id='' custom_class='' template_class='' element_template='' one_element_template='' av_uid='av-l1c3yk1r' sc_version='1.0' admin_preview_bg=''][\/av_heading]\r\n\r\n[av_textblock textblock_styling_align='' textblock_styling='' textblock_styling_gap='' textblock_styling_mobile='' size='' av-medium-font-size='' av-small-font-size='' av-mini-font-size='' font_color='' color='' id='' custom_class='' template_class='' element_template='' one_element_template='' av_uid='av-l1c3yuow' sc_version='1.0' admin_preview_bg='']\r\nAre you looking for more information about our services? You want to arrange a personal meeting or become a partner? Please use our contact form below.\r\n[\/av_textblock]\r\n\r\n[\/av_one_half][av_one_half min_height='' vertical_alignment='av-align-top' space='' row_boxshadow='' row_boxshadow_color='' row_boxshadow_width='10' custom_margin='' margin='0px' mobile_breaking='' mobile_column_order='' min_col_height='' padding='' svg_div_top='' svg_div_top_color='#333333' svg_div_top_width='100' svg_div_top_height='50' svg_div_top_max_height='none' svg_div_top_flip='' svg_div_top_invert='' svg_div_top_front='' svg_div_top_opacity='' svg_div_top_preview='' svg_div_bottom='' svg_div_bottom_color='#333333' svg_div_bottom_width='100' svg_div_bottom_height='50' svg_div_bottom_max_height='none' svg_div_bottom_flip='' svg_div_bottom_invert='' svg_div_bottom_front='' svg_div_bottom_opacity='' svg_div_bottom_preview='' border='' border_style='solid' border_color='' radius='' column_boxshadow='' column_boxshadow_color='' column_boxshadow_width='10' background='bg_color' background_color='' background_gradient_direction='vertical' background_gradient_color1='#000000' background_gradient_color2='#ffffff' background_gradient_color3='' src='' background_position='top left' background_repeat='no-repeat' highlight='' highlight_size='' animation='' link='' linktarget='' link_hover='' title_attr='' alt_attr='' mobile_display='' mobile_col_pos='0' id='' custom_class='' template_class='' aria_label='' element_template='' one_element_template='' show_locked_options_fakearg='' av_uid='av-ej5j9' sc_version='1.0']\r\n\r\n[av_codeblock wrapper_element='' wrapper_element_attributes='' codeblock_type='' alb_description='' id='' custom_class='' template_class='' av_uid='av-bv3z1' sc_version='1.0']\r\n[contact-form-7 id=\"2155\" title=\"Contact Form EN\"]\r\n[\/av_codeblock]\r\n\r\n[\/av_one_half][\/av_section]<\/p>\n","protected":false},"excerpt":{"rendered":"","protected":false},"author":2,"featured_media":0,"parent":0,"menu_order":0,"comment_status":"closed","ping_status":"closed","template":"","meta":{"footnotes":""},"class_list":["post-492","page","type-page","status-publish","hentry"],"yoast_head":"<!-- This site is optimized with the Yoast SEO plugin v27.4 - https:\/\/yoast.com\/product\/yoast-seo-wordpress\/ -->\n<title>Doing - helioconsult<\/title>\n<meta name=\"robots\" content=\"index, follow, max-snippet:-1, max-image-preview:large, max-video-preview:-1\" \/>\n<link rel=\"canonical\" href=\"https:\/\/helioconsult.de\/en\/doing\/\" \/>\n<meta property=\"og:locale\" content=\"en_US\" \/>\n<meta property=\"og:type\" content=\"article\" \/>\n<meta property=\"og:title\" content=\"Doing - helioconsult\" \/>\n<meta property=\"og:url\" content=\"https:\/\/helioconsult.de\/en\/doing\/\" \/>\n<meta property=\"og:site_name\" content=\"helioconsult\" \/>\n<meta property=\"article:modified_time\" content=\"2022-04-21T07:57:17+00:00\" \/>\n<meta name=\"twitter:card\" content=\"summary_large_image\" \/>\n<meta name=\"twitter:label1\" content=\"Est. reading time\" \/>\n\t<meta name=\"twitter:data1\" content=\"9 minutes\" \/>\n<script type=\"application\/ld+json\" class=\"yoast-schema-graph\">{\"@context\":\"https:\\\/\\\/schema.org\",\"@graph\":[{\"@type\":\"WebPage\",\"@id\":\"https:\\\/\\\/helioconsult.de\\\/en\\\/doing\\\/\",\"url\":\"https:\\\/\\\/helioconsult.de\\\/en\\\/doing\\\/\",\"name\":\"Doing - helioconsult\",\"isPartOf\":{\"@id\":\"https:\\\/\\\/helioconsult.de\\\/#website\"},\"datePublished\":\"2022-04-08T12:31:23+00:00\",\"dateModified\":\"2022-04-21T07:57:17+00:00\",\"breadcrumb\":{\"@id\":\"https:\\\/\\\/helioconsult.de\\\/en\\\/doing\\\/#breadcrumb\"},\"inLanguage\":\"en-US\",\"potentialAction\":[{\"@type\":\"ReadAction\",\"target\":[\"https:\\\/\\\/helioconsult.de\\\/en\\\/doing\\\/\"]}]},{\"@type\":\"BreadcrumbList\",\"@id\":\"https:\\\/\\\/helioconsult.de\\\/en\\\/doing\\\/#breadcrumb\",\"itemListElement\":[{\"@type\":\"ListItem\",\"position\":1,\"name\":\"Startseite\",\"item\":\"https:\\\/\\\/helioconsult.de\\\/en\\\/\"},{\"@type\":\"ListItem\",\"position\":2,\"name\":\"Doing\"}]},{\"@type\":\"WebSite\",\"@id\":\"https:\\\/\\\/helioconsult.de\\\/#website\",\"url\":\"https:\\\/\\\/helioconsult.de\\\/\",\"name\":\"helioconsult\",\"description\":\"Ihr unabh\u00e4ngiger Partner f\u00fcr erneuerbare Energiel\u00f6sungen\",\"potentialAction\":[{\"@type\":\"SearchAction\",\"target\":{\"@type\":\"EntryPoint\",\"urlTemplate\":\"https:\\\/\\\/helioconsult.de\\\/?s={search_term_string}\"},\"query-input\":{\"@type\":\"PropertyValueSpecification\",\"valueRequired\":true,\"valueName\":\"search_term_string\"}}],\"inLanguage\":\"en-US\"}]}<\/script>\n<!-- \/ Yoast SEO plugin. -->","yoast_head_json":{"title":"Doing - helioconsult","robots":{"index":"index","follow":"follow","max-snippet":"max-snippet:-1","max-image-preview":"max-image-preview:large","max-video-preview":"max-video-preview:-1"},"canonical":"https:\/\/helioconsult.de\/en\/doing\/","og_locale":"en_US","og_type":"article","og_title":"Doing - helioconsult","og_url":"https:\/\/helioconsult.de\/en\/doing\/","og_site_name":"helioconsult","article_modified_time":"2022-04-21T07:57:17+00:00","twitter_card":"summary_large_image","twitter_misc":{"Est. reading time":"9 minutes"},"schema":{"@context":"https:\/\/schema.org","@graph":[{"@type":"WebPage","@id":"https:\/\/helioconsult.de\/en\/doing\/","url":"https:\/\/helioconsult.de\/en\/doing\/","name":"Doing - helioconsult","isPartOf":{"@id":"https:\/\/helioconsult.de\/#website"},"datePublished":"2022-04-08T12:31:23+00:00","dateModified":"2022-04-21T07:57:17+00:00","breadcrumb":{"@id":"https:\/\/helioconsult.de\/en\/doing\/#breadcrumb"},"inLanguage":"en-US","potentialAction":[{"@type":"ReadAction","target":["https:\/\/helioconsult.de\/en\/doing\/"]}]},{"@type":"BreadcrumbList","@id":"https:\/\/helioconsult.de\/en\/doing\/#breadcrumb","itemListElement":[{"@type":"ListItem","position":1,"name":"Startseite","item":"https:\/\/helioconsult.de\/en\/"},{"@type":"ListItem","position":2,"name":"Doing"}]},{"@type":"WebSite","@id":"https:\/\/helioconsult.de\/#website","url":"https:\/\/helioconsult.de\/","name":"helioconsult","description":"Ihr unabh\u00e4ngiger Partner f\u00fcr erneuerbare Energiel\u00f6sungen","potentialAction":[{"@type":"SearchAction","target":{"@type":"EntryPoint","urlTemplate":"https:\/\/helioconsult.de\/?s={search_term_string}"},"query-input":{"@type":"PropertyValueSpecification","valueRequired":true,"valueName":"search_term_string"}}],"inLanguage":"en-US"}]}},"_links":{"self":[{"href":"https:\/\/helioconsult.de\/en\/wp-json\/wp\/v2\/pages\/492","targetHints":{"allow":["GET"]}}],"collection":[{"href":"https:\/\/helioconsult.de\/en\/wp-json\/wp\/v2\/pages"}],"about":[{"href":"https:\/\/helioconsult.de\/en\/wp-json\/wp\/v2\/types\/page"}],"author":[{"embeddable":true,"href":"https:\/\/helioconsult.de\/en\/wp-json\/wp\/v2\/users\/2"}],"replies":[{"embeddable":true,"href":"https:\/\/helioconsult.de\/en\/wp-json\/wp\/v2\/comments?post=492"}],"version-history":[{"count":4,"href":"https:\/\/helioconsult.de\/en\/wp-json\/wp\/v2\/pages\/492\/revisions"}],"predecessor-version":[{"id":1024,"href":"https:\/\/helioconsult.de\/en\/wp-json\/wp\/v2\/pages\/492\/revisions\/1024"}],"wp:attachment":[{"href":"https:\/\/helioconsult.de\/en\/wp-json\/wp\/v2\/media?parent=492"}],"curies":[{"name":"wp","href":"https:\/\/api.w.org\/{rel}","templated":true}]}}