{"id":489,"date":"2022-04-08T14:30:23","date_gmt":"2022-04-08T12:30:23","guid":{"rendered":"https:\/\/helioconsult.de\/trainieren\/"},"modified":"2022-04-21T10:15:29","modified_gmt":"2022-04-21T08:15:29","slug":"training","status":"publish","type":"page","link":"https:\/\/helioconsult.de\/en\/training\/","title":{"rendered":"Training"},"content":{"rendered":"<div id='av_section_1'  class='avia-section av-xrgj2-c65aa6ac559e136d77dc58342539bb63 main_color avia-section-large avia-no-border-styling  avia-builder-el-0  el_before_av_postcontent  avia-builder-el-first  no-pd-top ec-iconbox avia-bg-style-scroll container_wrap fullsize'  ><div class='container av-section-cont-open' ><main  role=\"main\" itemprop=\"mainContentOfPage\"  class='template-page content  av-content-full alpha units'><div class='post-entry post-entry-type-page post-entry-489'><div class='entry-content-wrapper clearfix'>\n<div  class='flex_column av-qto8u-45fd9f9ca75aa5adcb0575159bca7f07 av_one_full  avia-builder-el-1  el_before_av_one_half  avia-builder-el-first  first flex_column_div  '     ><style type=\"text\/css\" data-created_by=\"avia_inline_auto\" id=\"style-css-av-l25vgm9e-7a6aa1b98b65bdf5a50fd8af376d4585\">\n#top .av-special-heading.av-l25vgm9e-7a6aa1b98b65bdf5a50fd8af376d4585{\npadding-bottom:10px;\n}\nbody .av-special-heading.av-l25vgm9e-7a6aa1b98b65bdf5a50fd8af376d4585 .av-special-heading-tag .heading-char{\nfont-size:25px;\n}\n.av-special-heading.av-l25vgm9e-7a6aa1b98b65bdf5a50fd8af376d4585 .av-subheading{\nfont-size:20px;\n}\n<\/style>\n<div  class='av-special-heading av-l25vgm9e-7a6aa1b98b65bdf5a50fd8af376d4585 av-special-heading-h1 blockquote modern-quote modern-centered  avia-builder-el-2  avia-builder-el-no-sibling '><h1 class='av-special-heading-tag '  itemprop=\"headline\"  >Training<\/h1><div class='av-subheading av-subheading_below'><p>Our experts train you and your team to keep up with latest developments.<\/p>\n<\/div><div class=\"special-heading-border\"><div class=\"special-heading-inner-border\"><\/div><\/div><\/div><\/div>\n<style type=\"text\/css\" data-created_by=\"avia_inline_auto\" id=\"style-css-av-n7ogm-4a34e40223827da84bed32f932c3d403\">\n.flex_column.av-n7ogm-4a34e40223827da84bed32f932c3d403{\npadding:0 0 0 80px;\n}\n<\/style>\n<div  class='flex_column av-n7ogm-4a34e40223827da84bed32f932c3d403 av_one_half  avia-builder-el-3  el_after_av_one_full  el_before_av_one_half  no-padding-mobile first flex_column_div  column-top-margin'     ><style type=\"text\/css\" data-created_by=\"avia_inline_auto\" id=\"style-css-av-l28qap3d-65eeea1fdc5f681cdc1452b592ba48c3\">\n#top .avia-icon-list-container.av-l28qap3d-65eeea1fdc5f681cdc1452b592ba48c3 .iconlist_icon{\ncolor:#c1272d;\nbackground-color:#ffffff;\nfont-size:20px;\n}\n#top .avia-icon-list-container.av-l28qap3d-65eeea1fdc5f681cdc1452b592ba48c3 .iconlist_icon svg:first-child{\nstroke:#c1272d;\nfill:#c1272d;\nheight:20px;\nwidth:20px;\n}\n#top #wrap_all .avia-icon-list-container.av-l28qap3d-65eeea1fdc5f681cdc1452b592ba48c3 .av_iconlist_title{\nfont-size:20px;\n}\n<\/style>\n<div  class='avia-icon-list-container av-l28qap3d-65eeea1fdc5f681cdc1452b592ba48c3  avia-builder-el-4  avia-builder-el-no-sibling '><ul class='avia-icon-list avia_animate_when_almost_visible avia-icon-list-left av-iconlist-small av-l28qap3d-65eeea1fdc5f681cdc1452b592ba48c3'>\n<li><div class='iconlist_icon av-l28qajqr-ac9694fcb97f4f4ad258002910f376ec avia-font-helioconsult-iconfont avia-iconfont avia-font-helioconsult-iconfont'><span class='av-icon-char' data-av_icon='\ue90a' data-av_iconfont='helioconsult-iconfont' aria-hidden=\"true\"><\/span><\/div><article class=\"article-icon-entry av-iconlist-empty\"  itemscope=\"itemscope\" itemtype=\"https:\/\/schema.org\/CreativeWork\" ><div class=\"iconlist_content_wrap\"><header class=\"entry-content-header\" aria-label=\"Icon: Customer Trainings\"><div class='av_iconlist_title iconlist_title_small  '  itemprop=\"headline\" >Customer Trainings<\/div><\/header><div class='iconlist_content '  itemprop=\"text\" ><\/div><\/div><footer class=\"entry-footer\"><\/footer><\/article><div class=\"iconlist-timeline\"><\/div><\/li>\n<li><div class='iconlist_icon av-l28qaorh-ac2f9fb5fd38e765c665c48f6173d25b avia-font-helioconsult-iconfont avia-iconfont avia-font-helioconsult-iconfont'><span class='av-icon-char' data-av_icon='\ue90a' data-av_iconfont='helioconsult-iconfont' aria-hidden=\"true\"><\/span><\/div><article class=\"article-icon-entry av-iconlist-empty\"  itemscope=\"itemscope\" itemtype=\"https:\/\/schema.org\/CreativeWork\" ><div class=\"iconlist_content_wrap\"><header class=\"entry-content-header\" aria-label=\"Icon: Scientific and Popular Lectures\"><div class='av_iconlist_title iconlist_title_small  '  itemprop=\"headline\" >Scientific and Popular Lectures<\/div><\/header><div class='iconlist_content '  itemprop=\"text\" ><\/div><\/div><footer class=\"entry-footer\"><\/footer><\/article><div class=\"iconlist-timeline\"><\/div><\/li>\n<\/ul><\/div><\/div>\n<style type=\"text\/css\" data-created_by=\"avia_inline_auto\" id=\"style-css-av-ckbja-9e0a0876f1f266e8a315fe1070e3ee9f\">\n.flex_column.av-ckbja-9e0a0876f1f266e8a315fe1070e3ee9f{\npadding:0 0 0 80px;\n}\n<\/style>\n<div  class='flex_column av-ckbja-9e0a0876f1f266e8a315fe1070e3ee9f av_one_half  avia-builder-el-5  el_after_av_one_half  avia-builder-el-last  no-padding-mobile flex_column_div  column-top-margin'     ><style type=\"text\/css\" data-created_by=\"avia_inline_auto\" id=\"style-css-av-l28qb0z2-b3860dcde3fc5082a75b632002971aaf\">\n#top .avia-icon-list-container.av-l28qb0z2-b3860dcde3fc5082a75b632002971aaf .iconlist_icon{\ncolor:#c1272d;\nbackground-color:#ffffff;\nfont-size:20px;\n}\n#top .avia-icon-list-container.av-l28qb0z2-b3860dcde3fc5082a75b632002971aaf .iconlist_icon svg:first-child{\nstroke:#c1272d;\nfill:#c1272d;\nheight:20px;\nwidth:20px;\n}\n#top #wrap_all .avia-icon-list-container.av-l28qb0z2-b3860dcde3fc5082a75b632002971aaf .av_iconlist_title{\nfont-size:20px;\n}\n<\/style>\n<div  class='avia-icon-list-container av-l28qb0z2-b3860dcde3fc5082a75b632002971aaf  avia-builder-el-6  avia-builder-el-no-sibling '><ul class='avia-icon-list avia_animate_when_almost_visible avia-icon-list-left av-iconlist-small av-l28qb0z2-b3860dcde3fc5082a75b632002971aaf'>\n<li><div class='iconlist_icon av-l28qavh6-bdbf3f09b027fff262b9f25d13bfaee1 avia-font-helioconsult-iconfont avia-iconfont avia-font-helioconsult-iconfont'><span class='av-icon-char' data-av_icon='\ue90a' data-av_iconfont='helioconsult-iconfont' aria-hidden=\"true\"><\/span><\/div><article class=\"article-icon-entry av-iconlist-empty\"  itemscope=\"itemscope\" itemtype=\"https:\/\/schema.org\/CreativeWork\" ><div class=\"iconlist_content_wrap\"><header class=\"entry-content-header\" aria-label=\"Icon: Seminars\"><div class='av_iconlist_title iconlist_title_small  '  itemprop=\"headline\" >Seminars<\/div><\/header><div class='iconlist_content '  itemprop=\"text\" ><\/div><\/div><footer class=\"entry-footer\"><\/footer><\/article><div class=\"iconlist-timeline\"><\/div><\/li>\n<li><div class='iconlist_icon av-l28qb0kl-20659b43aea955c6f55a114a89b482b8 avia-font-helioconsult-iconfont avia-iconfont avia-font-helioconsult-iconfont'><span class='av-icon-char' data-av_icon='\ue90a' data-av_iconfont='helioconsult-iconfont' aria-hidden=\"true\"><\/span><\/div><article class=\"article-icon-entry av-iconlist-empty\"  itemscope=\"itemscope\" itemtype=\"https:\/\/schema.org\/CreativeWork\" ><div class=\"iconlist_content_wrap\"><header class=\"entry-content-header\" aria-label=\"Icon: US Market Entry Specifics\"><div class='av_iconlist_title iconlist_title_small  '  itemprop=\"headline\" >US Market Entry Specifics<\/div><\/header><div class='iconlist_content '  itemprop=\"text\" ><\/div><\/div><footer class=\"entry-footer\"><\/footer><\/article><div class=\"iconlist-timeline\"><\/div><\/li>\n<\/ul><\/div><\/div>[av_section min_height='' min_height_pc='25' min_height_px='500px' padding='large' custom_margin='0px' custom_margin_sync='true' svg_div_top='' svg_div_top_color='#333333' svg_div_top_width='100' svg_div_top_height='50' svg_div_top_max_height='none' svg_div_top_opacity='' svg_div_bottom='' svg_div_bottom_color='#333333' svg_div_bottom_width='100' svg_div_bottom_height='50' svg_div_bottom_max_height='none' svg_div_bottom_opacity='' color='main_color' background='bg_color' custom_bg='' background_gradient_direction='vertical' background_gradient_color1='#000000' background_gradient_color2='#ffffff' background_gradient_color3='' src='' attachment='' attachment_size='' attach='scroll' position='top left' repeat='no-repeat' video='' video_ratio='16:9' overlay_opacity='0.5' overlay_color='' overlay_pattern='' overlay_custom_pattern='' shadow='no-border-styling' bottom_border='no-border-styling' bottom_border_diagonal_color='#333333' bottom_border_diagonal_direction='' bottom_border_style='' custom_arrow_bg='' id='' custom_class='' template_class='' aria_label='' element_template='' one_element_template='' av_element_hidden_in_editor='0' av_uid='av-npved' sc_version='1.0']\r\n\r\n[av_one_half first min_height='av-equal-height-column' vertical_alignment='av-align-top' space='5' row_boxshadow_color='' row_boxshadow_width='10' margin='0px' margin_sync='true' mobile_breaking='' mobile_column_order='' min_col_height='' padding='' padding_sync='true' svg_div_top='' svg_div_top_color='#333333' svg_div_top_width='100' svg_div_top_height='50' svg_div_top_max_height='none' svg_div_top_opacity='' svg_div_bottom='' svg_div_bottom_color='#333333' svg_div_bottom_width='100' svg_div_bottom_height='50' svg_div_bottom_max_height='none' svg_div_bottom_opacity='' border='' border_style='solid' border_color='' radius='' radius_sync='true' column_boxshadow_color='' column_boxshadow_width='10' background='bg_color' background_color='' background_gradient_direction='vertical' background_gradient_color1='#000000' background_gradient_color2='#ffffff' background_gradient_color3='' src='https:\/\/helioconsult.de\/wp-content\/uploads\/2022\/03\/contact-envelope.png' attachment='275' attachment_size='full' background_position='center center' background_repeat='contain' highlight_size='1.1' animation='' link='' linktarget='' link_hover='' title_attr='' alt_attr='' mobile_display='' mobile_col_pos='0' id='' custom_class='' template_class='' aria_label='' element_template='' one_element_template='' av_uid='av-l1c3xx0k' sc_version='1.0']\r\n\r\n[av_heading heading='Request now without obligation' tag='h2' style='blockquote modern-quote' subheading_active='' show_icon='' icon='ue800' font='entypo-fontello' size='' av-medium-font-size-title='' av-small-font-size-title='' av-mini-font-size-title='' subheading_size='' av-medium-font-size='' av-small-font-size='' av-mini-font-size='' icon_size='' av-medium-font-size-1='' av-small-font-size-1='' av-mini-font-size-1='' color='' custom_font='' subheading_color='' seperator_color='' icon_color='' margin='' margin_sync='true' padding='10' icon_padding='10' headline_padding='' headline_padding_sync='true' link='' link_target='' id='' custom_class='' template_class='' element_template='' one_element_template='' av_uid='av-l1c3yk1r' sc_version='1.0' admin_preview_bg=''][\/av_heading]\r\n\r\n[av_textblock textblock_styling_align='' textblock_styling='' textblock_styling_gap='' textblock_styling_mobile='' size='' av-medium-font-size='' av-small-font-size='' av-mini-font-size='' font_color='' color='' id='' custom_class='' template_class='' element_template='' one_element_template='' av_uid='av-l1c3yuow' sc_version='1.0' admin_preview_bg='']\r\nAre you looking for more information about our services? You want to arrange a personal meeting or become a partner? Please use our contact form below.\r\n[\/av_textblock]\r\n\r\n[\/av_one_half][av_one_half min_height='' vertical_alignment='av-align-top' space='' row_boxshadow='' row_boxshadow_color='' row_boxshadow_width='10' custom_margin='' margin='0px' mobile_breaking='' mobile_column_order='' min_col_height='' padding='' svg_div_top='' svg_div_top_color='#333333' svg_div_top_width='100' svg_div_top_height='50' svg_div_top_max_height='none' svg_div_top_flip='' svg_div_top_invert='' svg_div_top_front='' svg_div_top_opacity='' svg_div_top_preview='' svg_div_bottom='' svg_div_bottom_color='#333333' svg_div_bottom_width='100' svg_div_bottom_height='50' svg_div_bottom_max_height='none' svg_div_bottom_flip='' svg_div_bottom_invert='' svg_div_bottom_front='' svg_div_bottom_opacity='' svg_div_bottom_preview='' border='' border_style='solid' border_color='' radius='' column_boxshadow='' column_boxshadow_color='' column_boxshadow_width='10' background='bg_color' background_color='' background_gradient_direction='vertical' background_gradient_color1='#000000' background_gradient_color2='#ffffff' background_gradient_color3='' src='' background_position='top left' background_repeat='no-repeat' highlight='' highlight_size='' animation='' link='' linktarget='' link_hover='' title_attr='' alt_attr='' mobile_display='' mobile_col_pos='0' id='' custom_class='' template_class='' aria_label='' element_template='' one_element_template='' show_locked_options_fakearg='' av_uid='av-ej5j9' sc_version='1.0']\r\n\r\n[av_codeblock wrapper_element='' wrapper_element_attributes='' codeblock_type='' alb_description='' id='' custom_class='' template_class='' av_uid='av-bv3z1' sc_version='1.0']\r\n[contact-form-7 id=\"2155\" title=\"Contact Form EN\"]\r\n[\/av_codeblock]\r\n\r\n[\/av_one_half][\/av_section]<\/p>\n","protected":false},"excerpt":{"rendered":"","protected":false},"author":2,"featured_media":0,"parent":0,"menu_order":0,"comment_status":"closed","ping_status":"closed","template":"","meta":{"footnotes":""},"class_list":["post-489","page","type-page","status-publish","hentry"],"yoast_head":"<!-- This site is optimized with the Yoast SEO plugin v27.4 - https:\/\/yoast.com\/product\/yoast-seo-wordpress\/ -->\n<title>Training - helioconsult<\/title>\n<meta name=\"robots\" content=\"index, follow, max-snippet:-1, max-image-preview:large, max-video-preview:-1\" \/>\n<link rel=\"canonical\" href=\"https:\/\/helioconsult.de\/en\/training\/\" \/>\n<meta property=\"og:locale\" content=\"en_US\" \/>\n<meta property=\"og:type\" content=\"article\" \/>\n<meta property=\"og:title\" content=\"Training - helioconsult\" \/>\n<meta property=\"og:url\" content=\"https:\/\/helioconsult.de\/en\/training\/\" \/>\n<meta property=\"og:site_name\" content=\"helioconsult\" \/>\n<meta property=\"article:modified_time\" content=\"2022-04-21T08:15:29+00:00\" \/>\n<meta name=\"twitter:card\" content=\"summary_large_image\" \/>\n<meta name=\"twitter:label1\" content=\"Est. reading time\" \/>\n\t<meta name=\"twitter:data1\" content=\"8 minutes\" \/>\n<script type=\"application\/ld+json\" class=\"yoast-schema-graph\">{\"@context\":\"https:\\\/\\\/schema.org\",\"@graph\":[{\"@type\":\"WebPage\",\"@id\":\"https:\\\/\\\/helioconsult.de\\\/en\\\/training\\\/\",\"url\":\"https:\\\/\\\/helioconsult.de\\\/en\\\/training\\\/\",\"name\":\"Training - helioconsult\",\"isPartOf\":{\"@id\":\"https:\\\/\\\/helioconsult.de\\\/#website\"},\"datePublished\":\"2022-04-08T12:30:23+00:00\",\"dateModified\":\"2022-04-21T08:15:29+00:00\",\"breadcrumb\":{\"@id\":\"https:\\\/\\\/helioconsult.de\\\/en\\\/training\\\/#breadcrumb\"},\"inLanguage\":\"en-US\",\"potentialAction\":[{\"@type\":\"ReadAction\",\"target\":[\"https:\\\/\\\/helioconsult.de\\\/en\\\/training\\\/\"]}]},{\"@type\":\"BreadcrumbList\",\"@id\":\"https:\\\/\\\/helioconsult.de\\\/en\\\/training\\\/#breadcrumb\",\"itemListElement\":[{\"@type\":\"ListItem\",\"position\":1,\"name\":\"Startseite\",\"item\":\"https:\\\/\\\/helioconsult.de\\\/en\\\/\"},{\"@type\":\"ListItem\",\"position\":2,\"name\":\"Training\"}]},{\"@type\":\"WebSite\",\"@id\":\"https:\\\/\\\/helioconsult.de\\\/#website\",\"url\":\"https:\\\/\\\/helioconsult.de\\\/\",\"name\":\"helioconsult\",\"description\":\"Ihr unabh\u00e4ngiger Partner f\u00fcr erneuerbare Energiel\u00f6sungen\",\"potentialAction\":[{\"@type\":\"SearchAction\",\"target\":{\"@type\":\"EntryPoint\",\"urlTemplate\":\"https:\\\/\\\/helioconsult.de\\\/?s={search_term_string}\"},\"query-input\":{\"@type\":\"PropertyValueSpecification\",\"valueRequired\":true,\"valueName\":\"search_term_string\"}}],\"inLanguage\":\"en-US\"}]}<\/script>\n<!-- \/ Yoast SEO plugin. -->","yoast_head_json":{"title":"Training - helioconsult","robots":{"index":"index","follow":"follow","max-snippet":"max-snippet:-1","max-image-preview":"max-image-preview:large","max-video-preview":"max-video-preview:-1"},"canonical":"https:\/\/helioconsult.de\/en\/training\/","og_locale":"en_US","og_type":"article","og_title":"Training - helioconsult","og_url":"https:\/\/helioconsult.de\/en\/training\/","og_site_name":"helioconsult","article_modified_time":"2022-04-21T08:15:29+00:00","twitter_card":"summary_large_image","twitter_misc":{"Est. reading time":"8 minutes"},"schema":{"@context":"https:\/\/schema.org","@graph":[{"@type":"WebPage","@id":"https:\/\/helioconsult.de\/en\/training\/","url":"https:\/\/helioconsult.de\/en\/training\/","name":"Training - helioconsult","isPartOf":{"@id":"https:\/\/helioconsult.de\/#website"},"datePublished":"2022-04-08T12:30:23+00:00","dateModified":"2022-04-21T08:15:29+00:00","breadcrumb":{"@id":"https:\/\/helioconsult.de\/en\/training\/#breadcrumb"},"inLanguage":"en-US","potentialAction":[{"@type":"ReadAction","target":["https:\/\/helioconsult.de\/en\/training\/"]}]},{"@type":"BreadcrumbList","@id":"https:\/\/helioconsult.de\/en\/training\/#breadcrumb","itemListElement":[{"@type":"ListItem","position":1,"name":"Startseite","item":"https:\/\/helioconsult.de\/en\/"},{"@type":"ListItem","position":2,"name":"Training"}]},{"@type":"WebSite","@id":"https:\/\/helioconsult.de\/#website","url":"https:\/\/helioconsult.de\/","name":"helioconsult","description":"Ihr unabh\u00e4ngiger Partner f\u00fcr erneuerbare Energiel\u00f6sungen","potentialAction":[{"@type":"SearchAction","target":{"@type":"EntryPoint","urlTemplate":"https:\/\/helioconsult.de\/?s={search_term_string}"},"query-input":{"@type":"PropertyValueSpecification","valueRequired":true,"valueName":"search_term_string"}}],"inLanguage":"en-US"}]}},"_links":{"self":[{"href":"https:\/\/helioconsult.de\/en\/wp-json\/wp\/v2\/pages\/489","targetHints":{"allow":["GET"]}}],"collection":[{"href":"https:\/\/helioconsult.de\/en\/wp-json\/wp\/v2\/pages"}],"about":[{"href":"https:\/\/helioconsult.de\/en\/wp-json\/wp\/v2\/types\/page"}],"author":[{"embeddable":true,"href":"https:\/\/helioconsult.de\/en\/wp-json\/wp\/v2\/users\/2"}],"replies":[{"embeddable":true,"href":"https:\/\/helioconsult.de\/en\/wp-json\/wp\/v2\/comments?post=489"}],"version-history":[{"count":4,"href":"https:\/\/helioconsult.de\/en\/wp-json\/wp\/v2\/pages\/489\/revisions"}],"predecessor-version":[{"id":1032,"href":"https:\/\/helioconsult.de\/en\/wp-json\/wp\/v2\/pages\/489\/revisions\/1032"}],"wp:attachment":[{"href":"https:\/\/helioconsult.de\/en\/wp-json\/wp\/v2\/media?parent=489"}],"curies":[{"name":"wp","href":"https:\/\/api.w.org\/{rel}","templated":true}]}}