{"id":1414,"date":"2022-04-25T11:49:03","date_gmt":"2022-04-25T09:49:03","guid":{"rendered":"https:\/\/helioconsult.de\/lebenslauf-dr-daniel-faltermeier\/"},"modified":"2022-05-06T15:41:30","modified_gmt":"2022-05-06T13:41:30","slug":"bio-dr-daniel-faltermeier","status":"publish","type":"page","link":"https:\/\/helioconsult.de\/en\/bio-dr-daniel-faltermeier\/","title":{"rendered":"Bio-Dr. Daniel Faltermeier"},"content":{"rendered":"<div id='av_section_1'  class='avia-section av-54l1rm-fd92c9efcd8bc36dafc2063a7ba5d5a9 main_color avia-section-default avia-no-border-styling  avia-builder-el-0  avia-builder-el-no-sibling  avia-bg-style-scroll container_wrap fullsize'  ><div class='container av-section-cont-open' ><main  role=\"main\" itemprop=\"mainContentOfPage\"  class='template-page content  av-content-full alpha units'><div class='post-entry post-entry-type-page post-entry-1414'><div class='entry-content-wrapper clearfix'>\n<div  class='flex_column av-4wy9si-e96e64505cc8a476f10938ef53fe829e av_one_third  avia-builder-el-1  el_before_av_two_third  avia-builder-el-first  first flex_column_div  '     ><style type=\"text\/css\" data-created_by=\"avia_inline_auto\" id=\"style-css-av-l2ejer58-886c098dc62c736eb5730f2b8f2ef209\">\n.avia-image-container.av-l2ejer58-886c098dc62c736eb5730f2b8f2ef209 img.avia_image{\nbox-shadow:none;\n}\n.avia-image-container.av-l2ejer58-886c098dc62c736eb5730f2b8f2ef209 .av-image-caption-overlay-center{\ncolor:#ffffff;\n}\n<\/style>\n<div  class='avia-image-container av-l2ejer58-886c098dc62c736eb5730f2b8f2ef209 av-styling- avia-align-center  avia-builder-el-2  avia-builder-el-no-sibling '   itemprop=\"image\" itemscope=\"itemscope\" itemtype=\"https:\/\/schema.org\/ImageObject\" ><div class=\"avia-image-container-inner\"><div class=\"avia-image-overlay-wrap\"><img decoding=\"async\" fetchpriority=\"high\" class='wp-image-1408 avia-img-lazy-loading-not-1408 avia_image ' src=\"https:\/\/helioconsult.de\/wp-content\/uploads\/2022\/04\/Dr.-Daniel-Faltermeier-full.jpg\" alt='' title='Dr. Daniel Faltermeier-full'  height=\"800\" width=\"500\"  itemprop=\"thumbnailUrl\" srcset=\"https:\/\/helioconsult.de\/wp-content\/uploads\/2022\/04\/Dr.-Daniel-Faltermeier-full.jpg 500w, https:\/\/helioconsult.de\/wp-content\/uploads\/2022\/04\/Dr.-Daniel-Faltermeier-full-188x300.jpg 188w, https:\/\/helioconsult.de\/wp-content\/uploads\/2022\/04\/Dr.-Daniel-Faltermeier-full-441x705.jpg 441w\" sizes=\"(max-width: 500px) 100vw, 500px\" \/><\/div><\/div><\/div><\/div><div  class='flex_column av-1wzydu-e615f03280774d1c0ede5897f875681a av_two_third  avia-builder-el-3  el_after_av_one_third  avia-builder-el-last  flex_column_div  '     ><p>\n<style type=\"text\/css\" data-created_by=\"avia_inline_auto\" id=\"style-css-av-l2eje4xq-714c0e9cfa37becb2832780a70bcc2ea\">\n#top .av-special-heading.av-l2eje4xq-714c0e9cfa37becb2832780a70bcc2ea{\npadding-bottom:10px;\n}\nbody .av-special-heading.av-l2eje4xq-714c0e9cfa37becb2832780a70bcc2ea .av-special-heading-tag .heading-char{\nfont-size:25px;\n}\n.av-special-heading.av-l2eje4xq-714c0e9cfa37becb2832780a70bcc2ea .av-subheading{\nfont-size:15px;\n}\n<\/style>\n<div  class='av-special-heading av-l2eje4xq-714c0e9cfa37becb2832780a70bcc2ea av-special-heading-h1 blockquote modern-quote  avia-builder-el-4  el_before_av_textblock  avia-builder-el-first '><h1 class='av-special-heading-tag '  itemprop=\"headline\"  >Dr. Daniel Faltermeier<\/h1><div class='av-subheading av-subheading_below'><p>Founder and Managing Partner<\/p>\n<\/div><div class=\"special-heading-border\"><div class=\"special-heading-inner-border\"><\/div><\/div><\/div><br \/>\n<section  class='av_textblock_section av-l2ejefxf-f96607378f39746601f2e931d5ecc704 '   itemscope=\"itemscope\" itemtype=\"https:\/\/schema.org\/CreativeWork\" ><div class='avia_textblock'  itemprop=\"text\" ><p>Dr. Daniel Faltermeier is Founder and Managing Partner of helioconsult GmbH. He is currently 100% shareholder of the company.<\/p>\n<p>Prior to founding helioconsult GmbH in 2018 he worked 9 years for meteocontrol GmbH in different positions.<\/p>\n<p>Latest as Managing Director for the North American Headquarters. There he was primary responsible for the restructuring and adaption of the products and services to the North American Market.<\/p>\n<p>Before this position he built up the Quality Service and Consulting Department for meteocontrol which he was also heading for over 6 years.<\/p>\n<p>During this time he was responsible for Independent Engineering Services and Consulting for hundreds of solar projects worldwide with an total investment of more than 15 billion$.<\/p>\n<p>Dr. Faltermeier earned his Diploma degree in Physics at the University of Stuttgart in 2004.<\/p>\n<p>After his PhD in Experimental Physics in 2007 at the University of Stuttgart, he worked for Bosch GmbH in the Automotive Sector.<\/p>\n<p>During his Studies in Stuttgart, Heidelberg and Lincoln, Nebraska he already founded his first company for IT-marketing and security solutions.<\/p>\n<p>Dr. Faltermeier has more than 17 years of experience in renewable energy, IT and quality management.<\/p>\n<\/div><\/section><\/p><\/div>\n","protected":false},"excerpt":{"rendered":"","protected":false},"author":2,"featured_media":0,"parent":0,"menu_order":0,"comment_status":"closed","ping_status":"closed","template":"","meta":{"footnotes":""},"class_list":["post-1414","page","type-page","status-publish","hentry"],"yoast_head":"<!-- This site is optimized with the Yoast SEO plugin v27.4 - https:\/\/yoast.com\/product\/yoast-seo-wordpress\/ -->\n<title>Bio-Dr. Daniel Faltermeier - helioconsult<\/title>\n<meta name=\"robots\" content=\"index, follow, max-snippet:-1, max-image-preview:large, max-video-preview:-1\" \/>\n<link rel=\"canonical\" href=\"https:\/\/helioconsult.de\/en\/bio-dr-daniel-faltermeier\/\" \/>\n<meta property=\"og:locale\" content=\"en_US\" \/>\n<meta property=\"og:type\" content=\"article\" \/>\n<meta property=\"og:title\" content=\"Bio-Dr. Daniel Faltermeier - helioconsult\" \/>\n<meta property=\"og:url\" content=\"https:\/\/helioconsult.de\/en\/bio-dr-daniel-faltermeier\/\" \/>\n<meta property=\"og:site_name\" content=\"helioconsult\" \/>\n<meta property=\"article:modified_time\" content=\"2022-05-06T13:41:30+00:00\" \/>\n<meta name=\"twitter:card\" content=\"summary_large_image\" \/>\n<meta name=\"twitter:label1\" content=\"Est. reading time\" \/>\n\t<meta name=\"twitter:data1\" content=\"6 minutes\" \/>\n<script type=\"application\/ld+json\" class=\"yoast-schema-graph\">{\"@context\":\"https:\\\/\\\/schema.org\",\"@graph\":[{\"@type\":\"WebPage\",\"@id\":\"https:\\\/\\\/helioconsult.de\\\/en\\\/bio-dr-daniel-faltermeier\\\/\",\"url\":\"https:\\\/\\\/helioconsult.de\\\/en\\\/bio-dr-daniel-faltermeier\\\/\",\"name\":\"Bio-Dr. Daniel Faltermeier - helioconsult\",\"isPartOf\":{\"@id\":\"https:\\\/\\\/helioconsult.de\\\/#website\"},\"datePublished\":\"2022-04-25T09:49:03+00:00\",\"dateModified\":\"2022-05-06T13:41:30+00:00\",\"breadcrumb\":{\"@id\":\"https:\\\/\\\/helioconsult.de\\\/en\\\/bio-dr-daniel-faltermeier\\\/#breadcrumb\"},\"inLanguage\":\"en-US\",\"potentialAction\":[{\"@type\":\"ReadAction\",\"target\":[\"https:\\\/\\\/helioconsult.de\\\/en\\\/bio-dr-daniel-faltermeier\\\/\"]}]},{\"@type\":\"BreadcrumbList\",\"@id\":\"https:\\\/\\\/helioconsult.de\\\/en\\\/bio-dr-daniel-faltermeier\\\/#breadcrumb\",\"itemListElement\":[{\"@type\":\"ListItem\",\"position\":1,\"name\":\"Startseite\",\"item\":\"https:\\\/\\\/helioconsult.de\\\/en\\\/\"},{\"@type\":\"ListItem\",\"position\":2,\"name\":\"Bio-Dr. Daniel Faltermeier\"}]},{\"@type\":\"WebSite\",\"@id\":\"https:\\\/\\\/helioconsult.de\\\/#website\",\"url\":\"https:\\\/\\\/helioconsult.de\\\/\",\"name\":\"helioconsult\",\"description\":\"Ihr unabh\u00e4ngiger Partner f\u00fcr erneuerbare Energiel\u00f6sungen\",\"potentialAction\":[{\"@type\":\"SearchAction\",\"target\":{\"@type\":\"EntryPoint\",\"urlTemplate\":\"https:\\\/\\\/helioconsult.de\\\/?s={search_term_string}\"},\"query-input\":{\"@type\":\"PropertyValueSpecification\",\"valueRequired\":true,\"valueName\":\"search_term_string\"}}],\"inLanguage\":\"en-US\"}]}<\/script>\n<!-- \/ Yoast SEO plugin. -->","yoast_head_json":{"title":"Bio-Dr. Daniel Faltermeier - helioconsult","robots":{"index":"index","follow":"follow","max-snippet":"max-snippet:-1","max-image-preview":"max-image-preview:large","max-video-preview":"max-video-preview:-1"},"canonical":"https:\/\/helioconsult.de\/en\/bio-dr-daniel-faltermeier\/","og_locale":"en_US","og_type":"article","og_title":"Bio-Dr. Daniel Faltermeier - helioconsult","og_url":"https:\/\/helioconsult.de\/en\/bio-dr-daniel-faltermeier\/","og_site_name":"helioconsult","article_modified_time":"2022-05-06T13:41:30+00:00","twitter_card":"summary_large_image","twitter_misc":{"Est. reading time":"6 minutes"},"schema":{"@context":"https:\/\/schema.org","@graph":[{"@type":"WebPage","@id":"https:\/\/helioconsult.de\/en\/bio-dr-daniel-faltermeier\/","url":"https:\/\/helioconsult.de\/en\/bio-dr-daniel-faltermeier\/","name":"Bio-Dr. Daniel Faltermeier - helioconsult","isPartOf":{"@id":"https:\/\/helioconsult.de\/#website"},"datePublished":"2022-04-25T09:49:03+00:00","dateModified":"2022-05-06T13:41:30+00:00","breadcrumb":{"@id":"https:\/\/helioconsult.de\/en\/bio-dr-daniel-faltermeier\/#breadcrumb"},"inLanguage":"en-US","potentialAction":[{"@type":"ReadAction","target":["https:\/\/helioconsult.de\/en\/bio-dr-daniel-faltermeier\/"]}]},{"@type":"BreadcrumbList","@id":"https:\/\/helioconsult.de\/en\/bio-dr-daniel-faltermeier\/#breadcrumb","itemListElement":[{"@type":"ListItem","position":1,"name":"Startseite","item":"https:\/\/helioconsult.de\/en\/"},{"@type":"ListItem","position":2,"name":"Bio-Dr. Daniel Faltermeier"}]},{"@type":"WebSite","@id":"https:\/\/helioconsult.de\/#website","url":"https:\/\/helioconsult.de\/","name":"helioconsult","description":"Ihr unabh\u00e4ngiger Partner f\u00fcr erneuerbare Energiel\u00f6sungen","potentialAction":[{"@type":"SearchAction","target":{"@type":"EntryPoint","urlTemplate":"https:\/\/helioconsult.de\/?s={search_term_string}"},"query-input":{"@type":"PropertyValueSpecification","valueRequired":true,"valueName":"search_term_string"}}],"inLanguage":"en-US"}]}},"_links":{"self":[{"href":"https:\/\/helioconsult.de\/en\/wp-json\/wp\/v2\/pages\/1414","targetHints":{"allow":["GET"]}}],"collection":[{"href":"https:\/\/helioconsult.de\/en\/wp-json\/wp\/v2\/pages"}],"about":[{"href":"https:\/\/helioconsult.de\/en\/wp-json\/wp\/v2\/types\/page"}],"author":[{"embeddable":true,"href":"https:\/\/helioconsult.de\/en\/wp-json\/wp\/v2\/users\/2"}],"replies":[{"embeddable":true,"href":"https:\/\/helioconsult.de\/en\/wp-json\/wp\/v2\/comments?post=1414"}],"version-history":[{"count":3,"href":"https:\/\/helioconsult.de\/en\/wp-json\/wp\/v2\/pages\/1414\/revisions"}],"predecessor-version":[{"id":2369,"href":"https:\/\/helioconsult.de\/en\/wp-json\/wp\/v2\/pages\/1414\/revisions\/2369"}],"wp:attachment":[{"href":"https:\/\/helioconsult.de\/en\/wp-json\/wp\/v2\/media?parent=1414"}],"curies":[{"name":"wp","href":"https:\/\/api.w.org\/{rel}","templated":true}]}}