{"id":1325,"date":"2022-03-17T10:19:41","date_gmt":"2022-03-17T09:19:41","guid":{"rendered":"https:\/\/helioconsult.de\/impressum\/"},"modified":"2022-05-13T18:09:09","modified_gmt":"2022-05-13T16:09:09","slug":"imprint","status":"publish","type":"page","link":"https:\/\/helioconsult.de\/en\/imprint\/","title":{"rendered":"Imprint"},"content":{"rendered":"<div id='av_section_1'  class='avia-section av-2vqvh-d8a75827a67252d55d23e90d404bff74 main_color avia-section-default avia-no-border-styling  avia-builder-el-0  avia-builder-el-no-sibling  avia-bg-style-scroll container_wrap fullsize'  ><div class='container av-section-cont-open' ><main  role=\"main\" itemprop=\"mainContentOfPage\"  class='template-page content  av-content-full alpha units'><div class='post-entry post-entry-type-page post-entry-1325'><div class='entry-content-wrapper clearfix'>\n\n<style type=\"text\/css\" data-created_by=\"avia_inline_auto\" id=\"style-css-av-l2aetxlh-6bc724a136fcc7ddabad93470ebaf2fb\">\n#top .av-special-heading.av-l2aetxlh-6bc724a136fcc7ddabad93470ebaf2fb{\npadding-bottom:20px;\n}\nbody .av-special-heading.av-l2aetxlh-6bc724a136fcc7ddabad93470ebaf2fb .av-special-heading-tag .heading-char{\nfont-size:25px;\n}\n.av-special-heading.av-l2aetxlh-6bc724a136fcc7ddabad93470ebaf2fb .av-subheading{\nfont-size:15px;\n}\n<\/style>\n<div  class='av-special-heading av-l2aetxlh-6bc724a136fcc7ddabad93470ebaf2fb av-special-heading-h1 blockquote modern-quote  avia-builder-el-1  el_before_av_one_half  avia-builder-el-first '><h1 class='av-special-heading-tag '  itemprop=\"headline\"  >Imprint<\/h1><div class=\"special-heading-border\"><div class=\"special-heading-inner-border\"><\/div><\/div><\/div>\n<div  class='flex_column av-27y31-1e33c655c856a7718744353ff425a6ab av_one_half  avia-builder-el-2  el_after_av_heading  el_before_av_one_half  first flex_column_div  '     ><section  class='av_textblock_section av-l2aeqmrm-d29073a0ff1e7cb62518168b52593287 '   itemscope=\"itemscope\" itemtype=\"https:\/\/schema.org\/CreativeWork\" ><div class='avia_textblock'  itemprop=\"text\" ><h2>Information pursuant to Sect. 5 German Telemedia Act (TMG)<\/h2>\n<p>helioconsult GmbH<br \/>\nFalkenstrasse 6<br \/>\n71726 Benningen am Neckar<\/p>\n<p>Commercial Register: HRB 764682<br \/>\nRegistration court: Stuttgart<\/p>\n<p><strong>Represented by:<\/strong><br \/>\nDr. Daniel Faltermeier<\/p>\n<h2>Contact<\/h2>\n<p>Phone: +49 7144 865 70 35<br \/>\nTelefax: +49 7144 865 70 39<br \/>\nE-mail: info@helioconsult.de<\/p>\n<h2>VAT ID<\/h2>\n<p>Sales tax identification number according to Sect. 27 a of the Sales Tax Law:<br \/>\nDE815755680<\/p>\n<h2>Person responsible for editorial<\/h2>\n<p>Dr. Daniel Faltermeier<br \/>\nFalkenstrasse 6<br \/>\n71726 Benningen am Neckar<\/p>\n<h2>EU dispute resolution<\/h2>\n<p>The European Commission provides a platform for online dispute resolution (ODR): <a href=\"https:\/\/ec.europa.eu\/consumers\/odr\/\" target=\"_blank\" rel=\"noopener noreferrer\">https:\/\/ec.europa.eu\/consumers\/odr\/<\/a>.<br \/>\nOur e-mail address can be found above in the site notice.<\/p>\n<h2>Dispute resolution proceedings in front of a consumer arbitration board<\/h2>\n<p>We are not willing or obliged to participate in dispute resolution proceedings in front of a consumer arbitration board.<\/p>\n<\/div><\/section><\/div><div  class='flex_column av-1olxx-2377228ae170dd35e043a4f988043503 av_one_half  avia-builder-el-4  el_after_av_one_half  avia-builder-el-last  flex_column_div  '     ><p>\n<style type=\"text\/css\" data-created_by=\"avia_inline_auto\" id=\"style-css-av-l2af0si7-1f497a3e0a45554b7bacfdb3e53d6a5b\">\n#top .av-special-heading.av-l2af0si7-1f497a3e0a45554b7bacfdb3e53d6a5b{\npadding-bottom:20px;\n}\nbody .av-special-heading.av-l2af0si7-1f497a3e0a45554b7bacfdb3e53d6a5b .av-special-heading-tag .heading-char{\nfont-size:25px;\n}\n.av-special-heading.av-l2af0si7-1f497a3e0a45554b7bacfdb3e53d6a5b .av-subheading{\nfont-size:15px;\n}\n<\/style>\n<div  class='av-special-heading av-l2af0si7-1f497a3e0a45554b7bacfdb3e53d6a5b av-special-heading-h2 blockquote modern-quote  avia-builder-el-5  el_before_av_textblock  avia-builder-el-first '><h2 class='av-special-heading-tag '  itemprop=\"headline\"  >Liability disclaimer<\/h2><div class=\"special-heading-border\"><div class=\"special-heading-inner-border\"><\/div><\/div><\/div><br \/>\n<section  class='av_textblock_section av-zbdd-2bff12640221824c7215dc0bc793ea60 '   itemscope=\"itemscope\" itemtype=\"https:\/\/schema.org\/CreativeWork\" ><div class='avia_textblock'  itemprop=\"text\" ><h3>Liability for content<\/h3>\n<p>Under the terms of \u00a7 7 Section 1 of the German Telemedia Act (TMG) and the DSGVO regulation, we as a service provider are responsible for our own content on this website in accordance with the general legal regulations in force. Under the terms of \u00a7\u00a7 8 to 10 of the TMG, however, we as a service provider are under no obligation to monitor any information from third parties which may have been submitted or saved, or to look for circumstances which may indicate illegal activities. This does not affect any obligations to remove or prevent the use of such information in accordance with the general legal regulations in force. In this instance, however, we shall be able to accept liability only from the point in time at which we became aware of a definite legal infringement. In the event that we become aware of any legal infringements, we shall immediately take steps to remove the relevant content.<\/p>\n<h3>Liability for links<\/h3>\n<p>Our website contains links to external, third-party websites, the content of which is beyond our control.<\/p>\n<p>We are therefore unable to accept any liability for this third-party content. The publisher or operator of a particular linked website is solely responsible for its content. At the time the links were placed, the linked websites were checked for possible legal infringements. No legal infringements were identified at the time this check was carried out. However, we cannot reasonably be expected to monitor the linked websites on a permanent basis unless there is specific evidence of a legal infringement. In the event that we become aware of any legal infringements, we shall immediately take steps to remove the relevant links.<\/p>\n<h3>Copyright<\/h3>\n<p>The content and work produced by the website operators and provided on this website are subject to German copyright laws. They may not be reproduced, edited, distributed or used in any way beyond the scope of copyright law without written permission from the relevant author or producer.<\/p>\n<p>Downloads and copies of this website are permitted only for private, non-commercial use.<\/p>\n<p>If the contents of this website were not produced by the operator, the copyright regulations in respect of third parties shall be observed. In particular, any third-party content shall be labeled as such. If you should nevertheless become aware of a copyright infringement, we request that you notify us accordingly. In the event that we become aware of any legal infringements, we shall immediately take steps to remove such content.<\/p>\n<\/div><\/section><\/p><\/div>\n","protected":false},"excerpt":{"rendered":"","protected":false},"author":1,"featured_media":0,"parent":0,"menu_order":0,"comment_status":"closed","ping_status":"closed","template":"","meta":{"footnotes":""},"class_list":["post-1325","page","type-page","status-publish","hentry"],"yoast_head":"<!-- This site is optimized with the Yoast SEO plugin v27.4 - https:\/\/yoast.com\/product\/yoast-seo-wordpress\/ -->\n<title>Imprint - helioconsult<\/title>\n<meta name=\"robots\" content=\"index, follow, max-snippet:-1, max-image-preview:large, max-video-preview:-1\" \/>\n<link rel=\"canonical\" href=\"https:\/\/helioconsult.de\/en\/imprint\/\" \/>\n<meta property=\"og:locale\" content=\"en_US\" \/>\n<meta property=\"og:type\" content=\"article\" \/>\n<meta property=\"og:title\" content=\"Imprint - helioconsult\" \/>\n<meta property=\"og:url\" content=\"https:\/\/helioconsult.de\/en\/imprint\/\" \/>\n<meta property=\"og:site_name\" content=\"helioconsult\" \/>\n<meta property=\"article:modified_time\" content=\"2022-05-13T16:09:09+00:00\" \/>\n<meta name=\"twitter:card\" content=\"summary_large_image\" \/>\n<meta name=\"twitter:label1\" content=\"Est. reading time\" \/>\n\t<meta name=\"twitter:data1\" content=\"8 minutes\" \/>\n<script type=\"application\/ld+json\" class=\"yoast-schema-graph\">{\"@context\":\"https:\\\/\\\/schema.org\",\"@graph\":[{\"@type\":\"WebPage\",\"@id\":\"https:\\\/\\\/helioconsult.de\\\/en\\\/imprint\\\/\",\"url\":\"https:\\\/\\\/helioconsult.de\\\/en\\\/imprint\\\/\",\"name\":\"Imprint - helioconsult\",\"isPartOf\":{\"@id\":\"https:\\\/\\\/helioconsult.de\\\/#website\"},\"datePublished\":\"2022-03-17T09:19:41+00:00\",\"dateModified\":\"2022-05-13T16:09:09+00:00\",\"breadcrumb\":{\"@id\":\"https:\\\/\\\/helioconsult.de\\\/en\\\/imprint\\\/#breadcrumb\"},\"inLanguage\":\"en-US\",\"potentialAction\":[{\"@type\":\"ReadAction\",\"target\":[\"https:\\\/\\\/helioconsult.de\\\/en\\\/imprint\\\/\"]}]},{\"@type\":\"BreadcrumbList\",\"@id\":\"https:\\\/\\\/helioconsult.de\\\/en\\\/imprint\\\/#breadcrumb\",\"itemListElement\":[{\"@type\":\"ListItem\",\"position\":1,\"name\":\"Startseite\",\"item\":\"https:\\\/\\\/helioconsult.de\\\/en\\\/\"},{\"@type\":\"ListItem\",\"position\":2,\"name\":\"Imprint\"}]},{\"@type\":\"WebSite\",\"@id\":\"https:\\\/\\\/helioconsult.de\\\/#website\",\"url\":\"https:\\\/\\\/helioconsult.de\\\/\",\"name\":\"helioconsult\",\"description\":\"Ihr unabh\u00e4ngiger Partner f\u00fcr erneuerbare Energiel\u00f6sungen\",\"potentialAction\":[{\"@type\":\"SearchAction\",\"target\":{\"@type\":\"EntryPoint\",\"urlTemplate\":\"https:\\\/\\\/helioconsult.de\\\/?s={search_term_string}\"},\"query-input\":{\"@type\":\"PropertyValueSpecification\",\"valueRequired\":true,\"valueName\":\"search_term_string\"}}],\"inLanguage\":\"en-US\"}]}<\/script>\n<!-- \/ Yoast SEO plugin. -->","yoast_head_json":{"title":"Imprint - helioconsult","robots":{"index":"index","follow":"follow","max-snippet":"max-snippet:-1","max-image-preview":"max-image-preview:large","max-video-preview":"max-video-preview:-1"},"canonical":"https:\/\/helioconsult.de\/en\/imprint\/","og_locale":"en_US","og_type":"article","og_title":"Imprint - helioconsult","og_url":"https:\/\/helioconsult.de\/en\/imprint\/","og_site_name":"helioconsult","article_modified_time":"2022-05-13T16:09:09+00:00","twitter_card":"summary_large_image","twitter_misc":{"Est. reading time":"8 minutes"},"schema":{"@context":"https:\/\/schema.org","@graph":[{"@type":"WebPage","@id":"https:\/\/helioconsult.de\/en\/imprint\/","url":"https:\/\/helioconsult.de\/en\/imprint\/","name":"Imprint - helioconsult","isPartOf":{"@id":"https:\/\/helioconsult.de\/#website"},"datePublished":"2022-03-17T09:19:41+00:00","dateModified":"2022-05-13T16:09:09+00:00","breadcrumb":{"@id":"https:\/\/helioconsult.de\/en\/imprint\/#breadcrumb"},"inLanguage":"en-US","potentialAction":[{"@type":"ReadAction","target":["https:\/\/helioconsult.de\/en\/imprint\/"]}]},{"@type":"BreadcrumbList","@id":"https:\/\/helioconsult.de\/en\/imprint\/#breadcrumb","itemListElement":[{"@type":"ListItem","position":1,"name":"Startseite","item":"https:\/\/helioconsult.de\/en\/"},{"@type":"ListItem","position":2,"name":"Imprint"}]},{"@type":"WebSite","@id":"https:\/\/helioconsult.de\/#website","url":"https:\/\/helioconsult.de\/","name":"helioconsult","description":"Ihr unabh\u00e4ngiger Partner f\u00fcr erneuerbare Energiel\u00f6sungen","potentialAction":[{"@type":"SearchAction","target":{"@type":"EntryPoint","urlTemplate":"https:\/\/helioconsult.de\/?s={search_term_string}"},"query-input":{"@type":"PropertyValueSpecification","valueRequired":true,"valueName":"search_term_string"}}],"inLanguage":"en-US"}]}},"_links":{"self":[{"href":"https:\/\/helioconsult.de\/en\/wp-json\/wp\/v2\/pages\/1325","targetHints":{"allow":["GET"]}}],"collection":[{"href":"https:\/\/helioconsult.de\/en\/wp-json\/wp\/v2\/pages"}],"about":[{"href":"https:\/\/helioconsult.de\/en\/wp-json\/wp\/v2\/types\/page"}],"author":[{"embeddable":true,"href":"https:\/\/helioconsult.de\/en\/wp-json\/wp\/v2\/users\/1"}],"replies":[{"embeddable":true,"href":"https:\/\/helioconsult.de\/en\/wp-json\/wp\/v2\/comments?post=1325"}],"version-history":[{"count":7,"href":"https:\/\/helioconsult.de\/en\/wp-json\/wp\/v2\/pages\/1325\/revisions"}],"predecessor-version":[{"id":2441,"href":"https:\/\/helioconsult.de\/en\/wp-json\/wp\/v2\/pages\/1325\/revisions\/2441"}],"wp:attachment":[{"href":"https:\/\/helioconsult.de\/en\/wp-json\/wp\/v2\/media?parent=1325"}],"curies":[{"name":"wp","href":"https:\/\/api.w.org\/{rel}","templated":true}]}}