{"id":1091,"date":"2022-03-16T14:10:34","date_gmt":"2022-03-16T13:10:34","guid":{"rendered":"https:\/\/helioconsult.de\/mission\/"},"modified":"2022-05-24T13:41:52","modified_gmt":"2022-05-24T11:41:52","slug":"our-mission","status":"publish","type":"page","link":"https:\/\/helioconsult.de\/en\/our-mission\/","title":{"rendered":"Our Mission"},"content":{"rendered":"<div id='full_slider_1'  class='avia-fullwidth-slider main_color avia-shadow   avia-builder-el-0  el_before_av_section  avia-builder-el-first   container_wrap fullsize'  ><div  class='avia-slideshow av-l3k37gt3-eb9f57ed963163c612aefed64f2bfee1 avia-slideshow-no scaling av_slideshow_full avia-fade-slider av-slideshow-ui av-control-minimal av-slideshow-manual av-loop-once av-loop-manual-endless av-default-height-applied   avia-slideshow-1' data-slideshow-options=\"{&quot;animation&quot;:&quot;fade&quot;,&quot;autoplay&quot;:false,&quot;loop_autoplay&quot;:&quot;once&quot;,&quot;interval&quot;:5,&quot;loop_manual&quot;:&quot;manual-endless&quot;,&quot;autoplay_stopper&quot;:false,&quot;noNavigation&quot;:false,&quot;bg_slider&quot;:false,&quot;keep_padding&quot;:false,&quot;hoverpause&quot;:false,&quot;show_slide_delay&quot;:0}\"  itemprop=\"image\" itemscope=\"itemscope\" itemtype=\"https:\/\/schema.org\/ImageObject\" ><ul class='avia-slideshow-inner ' style='padding-bottom: 36.458333333333%;'><li  class='avia-slideshow-slide av-l3k37gt3-eb9f57ed963163c612aefed64f2bfee1__0  av-single-slide slide-1 slide-odd'><div data-rel='slideshow-1' class='avia-slide-wrap '   ><div class='av-slideshow-caption av-l3k37gt3-eb9f57ed963163c612aefed64f2bfee1__0 caption_fullwidth caption_left caption_left_framed caption_framed'><div class=\"container caption_container\"><div class=\"slideshow_caption\"><div class=\"slideshow_inner_caption\"><div class=\"slideshow_align_caption\"><div class='avia-caption-content '  itemprop=\"description\" ><h1>Your independent partner for <span>renewable energy solutions<\/span><\/h1>\n<\/div><\/div><\/div><\/div><\/div><\/div><img decoding=\"async\" fetchpriority=\"high\" class=\"wp-image-612 avia-img-lazy-loading-not-612\"  src=\"https:\/\/helioconsult.de\/wp-content\/uploads\/2022\/04\/Slider_Bilder-5.jpg\" width=\"1920\" height=\"700\" title='Slider_Bilder-5' alt=''  itemprop=\"thumbnailUrl\"  style='min-height:500px; min-width:1372px; ' srcset=\"https:\/\/helioconsult.de\/wp-content\/uploads\/2022\/04\/Slider_Bilder-5.jpg 1920w, https:\/\/helioconsult.de\/wp-content\/uploads\/2022\/04\/Slider_Bilder-5-300x109.jpg 300w, https:\/\/helioconsult.de\/wp-content\/uploads\/2022\/04\/Slider_Bilder-5-1030x376.jpg 1030w, https:\/\/helioconsult.de\/wp-content\/uploads\/2022\/04\/Slider_Bilder-5-768x280.jpg 768w, https:\/\/helioconsult.de\/wp-content\/uploads\/2022\/04\/Slider_Bilder-5-1536x560.jpg 1536w, https:\/\/helioconsult.de\/wp-content\/uploads\/2022\/04\/Slider_Bilder-5-1500x547.jpg 1500w, https:\/\/helioconsult.de\/wp-content\/uploads\/2022\/04\/Slider_Bilder-5-705x257.jpg 705w\" sizes=\"(max-width: 1920px) 100vw, 1920px\" \/><div class='av-section-color-overlay' style='opacity: 0.3; background-color: #000000; '><\/div><\/div><\/li><\/ul><\/div><\/div>\n\n<style type=\"text\/css\" data-created_by=\"avia_inline_auto\" id=\"style-css-av-19jce9-81386bdfb64bbd8fbd569e91e11cf7af\">\n.avia-section.av-19jce9-81386bdfb64bbd8fbd569e91e11cf7af{\nmargin-top:-100px;\nmargin-bottom:0px;\n}\n#top .avia-section.av-19jce9-81386bdfb64bbd8fbd569e91e11cf7af .scroll-down-link{\ncolor:#ffffff;\n}\n#top .avia-section.av-19jce9-81386bdfb64bbd8fbd569e91e11cf7af .scroll-down-link.avia-svg-icon svg:first-child{\nstroke:#ffffff;\nfill:#ffffff;\n}\n<\/style>\n<div id='av_section_1'  class='avia-section av-19jce9-81386bdfb64bbd8fbd569e91e11cf7af main_color avia-section-no-padding avia-no-border-styling  avia-builder-el-1  el_after_av_slideshow_full  el_before_av_section  scroll-down avia-bg-style-scroll container_wrap fullsize'  ><div class=\"av-section-color-overlay-wrap\"><a href='#next-section' title='' class='scroll-down-link av-custom-scroll-down-color avia-svg-icon avia-font-svg_entypo-fontello' data-av_svg_icon='down-open-mini' data-av_iconset='svg_entypo-fontello'><svg version=\"1.1\" xmlns=\"http:\/\/www.w3.org\/2000\/svg\" width=\"15\" height=\"32\" viewBox=\"0 0 15 32\" preserveAspectRatio=\"xMidYMid meet\" aria-labelledby='av-svg-title-1' aria-describedby='av-svg-desc-1' role=\"graphics-symbol\" aria-hidden=\"true\">\n<title id='av-svg-title-1'>Scroll to next section<\/title>\n<desc id='av-svg-desc-1'>Scroll to next section<\/desc>\n<path d=\"M12.96 12.16q0.704-0.832 1.536 0 0.832 0.704 0 1.536l-6.272 6.144q-0.704 0.704-1.536 0l-6.272-6.144q-0.832-0.832 0-1.536 0.768-0.768 1.6 0l5.44 4.992z\"><\/path>\n<\/svg><\/a><div class='container av-section-cont-open' ><div class='template-page content  av-content-full alpha units'><div class='post-entry post-entry-type-page post-entry-1091'><div class='entry-content-wrapper clearfix'>\n<\/div><\/div><\/div><!-- close content main div --><\/div><\/div><\/div><div id='av_section_2'  class='avia-section av-1969pt-3bce21319f9eeda06f91bfa632a2c68f main_color avia-section-large avia-no-border-styling  avia-builder-el-2  el_after_av_section  el_before_av_postcontent  no-pd-top ec-iconbox avia-bg-style-scroll container_wrap fullsize'  ><div class='container av-section-cont-open' ><div class='template-page content  av-content-full alpha units'><div class='post-entry post-entry-type-page post-entry-1091'><div class='entry-content-wrapper clearfix'>\n<div  class='flex_column av-189yah-f8713ae78cfa8d3523ad1bf98c533387 av_one_full  avia-builder-el-3  el_before_av_one_half  avia-builder-el-first  first flex_column_div  '     ><style type=\"text\/css\" data-created_by=\"avia_inline_auto\" id=\"style-css-av-17uq2d-61248efe0d546bd58c426ee2b74adca3\">\n#top .av-special-heading.av-17uq2d-61248efe0d546bd58c426ee2b74adca3{\npadding-bottom:10px;\n}\nbody .av-special-heading.av-17uq2d-61248efe0d546bd58c426ee2b74adca3 .av-special-heading-tag .heading-char{\nfont-size:25px;\n}\n.av-special-heading.av-17uq2d-61248efe0d546bd58c426ee2b74adca3 .av-subheading{\nfont-size:15px;\n}\n<\/style>\n<div  class='av-special-heading av-17uq2d-61248efe0d546bd58c426ee2b74adca3 av-special-heading-h2 blockquote modern-quote modern-centered  avia-builder-el-4  avia-builder-el-no-sibling '><h2 class='av-special-heading-tag '  itemprop=\"headline\"  >Our Mission<\/h2><div class=\"special-heading-border\"><div class=\"special-heading-inner-border\"><\/div><\/div><\/div><\/div><div class='flex_column_table av-178wf1-6978e5cdd6daa70f2609a228d42b7133 sc-av_one_half av-equal-height-column-flextable'>\n<style type=\"text\/css\" data-created_by=\"avia_inline_auto\" id=\"style-css-av-178wf1-6978e5cdd6daa70f2609a228d42b7133\">\n.flex_column.av-178wf1-6978e5cdd6daa70f2609a228d42b7133{\nwidth:48.5%;\nmargin-left:0;\n}\n#top .flex_column_table.av-equal-height-column-flextable.av-178wf1-6978e5cdd6daa70f2609a228d42b7133 .av-flex-placeholder{\nwidth:3%;\n}\n<\/style>\n<div  class='flex_column av-178wf1-6978e5cdd6daa70f2609a228d42b7133 av_one_half  avia-builder-el-5  el_after_av_one_full  el_before_av_one_half  first flex_column_table_cell av-equal-height-column av-align-middle  column-top-margin'     ><style type=\"text\/css\" data-created_by=\"avia_inline_auto\" id=\"style-css-av-16fhmd-33dca4d8e420e14b4a7b4723f95a933d\">\n.avia-image-container.av-16fhmd-33dca4d8e420e14b4a7b4723f95a933d img.avia_image{\nbox-shadow:none;\n}\n.avia-image-container.av-16fhmd-33dca4d8e420e14b4a7b4723f95a933d .av-image-caption-overlay-center{\ncolor:#ffffff;\n}\n<\/style>\n<div  class='avia-image-container av-16fhmd-33dca4d8e420e14b4a7b4723f95a933d av-styling- avia-align-  avia-builder-el-6  avia-builder-el-no-sibling '   itemprop=\"image\" itemscope=\"itemscope\" itemtype=\"https:\/\/schema.org\/ImageObject\" ><div class=\"avia-image-container-inner\"><div class=\"avia-image-overlay-wrap\"><img decoding=\"async\" fetchpriority=\"high\" class='wp-image-646 avia-img-lazy-loading-not-646 avia_image ' src=\"https:\/\/helioconsult.de\/wp-content\/uploads\/2022\/04\/Text_Bilder-7-650x370.jpg\" alt='' title='Text_Bilder-7'  height=\"370\" width=\"650\"  itemprop=\"thumbnailUrl\"  \/><\/div><\/div><\/div><\/div><div class='av-flex-placeholder'><\/div>\n<style type=\"text\/css\" data-created_by=\"avia_inline_auto\" id=\"style-css-av-164qtd-f7af86dd4dfda8ae01b590273676c479\">\n.flex_column.av-164qtd-f7af86dd4dfda8ae01b590273676c479{\nwidth:48.5%;\nmargin-left:0;\npadding:0 0 0 80px;\n}\n#top .flex_column_table.av-equal-height-column-flextable.av-164qtd-f7af86dd4dfda8ae01b590273676c479 .av-flex-placeholder{\nwidth:3%;\n}\n<\/style>\n<div  class='flex_column av-164qtd-f7af86dd4dfda8ae01b590273676c479 av_one_half  avia-builder-el-7  el_after_av_one_half  el_before_av_one_half  no-padding-mobile flex_column_table_cell av-equal-height-column av-align-middle  column-top-margin'     ><section  class='av_textblock_section av-15ayil-493c115a553d35b0eb66755b8325c5ba '   itemscope=\"itemscope\" itemtype=\"https:\/\/schema.org\/CreativeWork\" ><div class='avia_textblock'  itemprop=\"text\" ><p>is to provide independent services all around your renewable energy projects to bring your technical and financial risk to a minimum.<\/p>\n<p>We are your reliable partner anyway you are realizing a small commercial solar rooftop system, or a multi-million investment into international large-scale projects.<\/p>\n<\/div><\/section><\/div><\/div><!--close column table wrapper. Autoclose: 1 --><div class='flex_column_table av-32s2t-811b630d2a868ebb9b434ed344f9c56f sc-av_one_half av-equal-height-column-flextable'>\n<style type=\"text\/css\" data-created_by=\"avia_inline_auto\" id=\"style-css-av-32s2t-811b630d2a868ebb9b434ed344f9c56f\">\n.flex_column.av-32s2t-811b630d2a868ebb9b434ed344f9c56f{\npadding:0 0 0 80px;\n}\n<\/style>\n<div  class='flex_column av-32s2t-811b630d2a868ebb9b434ed344f9c56f av_one_half  avia-builder-el-9  el_after_av_one_half  el_before_av_one_half  no-padding-mobile first flex_column_table_cell av-equal-height-column av-align-middle  column-top-margin'     ><section  class='av_textblock_section av-l25tookl-c729a82aa7cdab50cb121041a4089189 '   itemscope=\"itemscope\" itemtype=\"https:\/\/schema.org\/CreativeWork\" ><div class='avia_textblock'  itemprop=\"text\" ><p>Together with our strong network of\u00a0international market leaders\u00a0in the energy and mobility sector, we connect all services you need to make your projects even more successful.<\/p>\n<p>Our experts are here to share with our clients their knowledge they gained from hundreds of\u00a0renewable energy projects all over the world.<\/p>\n<\/div><\/section><\/div><div class='av-flex-placeholder'><\/div><div  class='flex_column av-2s1t9-b1c7eda687ed3bc16527a9c8946eed1e av_one_half  avia-builder-el-11  el_after_av_one_half  el_before_av_one_half  flex_column_table_cell av-equal-height-column av-align-middle  column-top-margin'     ><style type=\"text\/css\" data-created_by=\"avia_inline_auto\" id=\"style-css-av-l25tpfhi-02c64f8917fbb7beffd722bd1fac0295\">\n.avia-image-container.av-l25tpfhi-02c64f8917fbb7beffd722bd1fac0295 img.avia_image{\nbox-shadow:none;\n}\n.avia-image-container.av-l25tpfhi-02c64f8917fbb7beffd722bd1fac0295 .av-image-caption-overlay-center{\ncolor:#ffffff;\n}\n<\/style>\n<div  class='avia-image-container av-l25tpfhi-02c64f8917fbb7beffd722bd1fac0295 av-styling- avia-align-  avia-builder-el-12  avia-builder-el-no-sibling '   itemprop=\"image\" itemscope=\"itemscope\" itemtype=\"https:\/\/schema.org\/ImageObject\" ><div class=\"avia-image-container-inner\"><div class=\"avia-image-overlay-wrap\"><img decoding=\"async\" fetchpriority=\"high\" class='wp-image-640 avia-img-lazy-loading-not-640 avia_image ' src=\"https:\/\/helioconsult.de\/wp-content\/uploads\/2022\/04\/Text_Bilder-4-650x370.jpg\" alt='' title='Text_Bilder-4'  height=\"370\" width=\"650\"  itemprop=\"thumbnailUrl\"  \/><\/div><\/div><\/div><\/div><\/div><!--close column table wrapper. Autoclose: 1 --><div class='flex_column_table av-1ous1-579ffcf02fd3c6d82ac1c5081acade9b sc-av_one_half av-equal-height-column-flextable'>\n<style type=\"text\/css\" data-created_by=\"avia_inline_auto\" id=\"style-css-av-1ous1-579ffcf02fd3c6d82ac1c5081acade9b\">\n.flex_column.av-1ous1-579ffcf02fd3c6d82ac1c5081acade9b{\nwidth:48.5%;\nmargin-left:0;\n}\n#top .flex_column_table.av-equal-height-column-flextable.av-1ous1-579ffcf02fd3c6d82ac1c5081acade9b .av-flex-placeholder{\nwidth:3%;\n}\n<\/style>\n<div  class='flex_column av-1ous1-579ffcf02fd3c6d82ac1c5081acade9b av_one_half  avia-builder-el-13  el_after_av_one_half  el_before_av_one_half  first flex_column_table_cell av-equal-height-column av-align-middle  column-top-margin'     ><style type=\"text\/css\" data-created_by=\"avia_inline_auto\" id=\"style-css-av-l25tqhn8-a512d0b20b76fef4f7ce7fc3fbaf0c24\">\n.avia-image-container.av-l25tqhn8-a512d0b20b76fef4f7ce7fc3fbaf0c24 img.avia_image{\nbox-shadow:none;\n}\n.avia-image-container.av-l25tqhn8-a512d0b20b76fef4f7ce7fc3fbaf0c24 .av-image-caption-overlay-center{\ncolor:#ffffff;\n}\n<\/style>\n<div  class='avia-image-container av-l25tqhn8-a512d0b20b76fef4f7ce7fc3fbaf0c24 av-styling- avia-align-  avia-builder-el-14  avia-builder-el-no-sibling '   itemprop=\"image\" itemscope=\"itemscope\" itemtype=\"https:\/\/schema.org\/ImageObject\" ><div class=\"avia-image-container-inner\"><div class=\"avia-image-overlay-wrap\"><img decoding=\"async\" fetchpriority=\"high\" class='wp-image-658 avia-img-lazy-loading-not-658 avia_image ' src=\"https:\/\/helioconsult.de\/wp-content\/uploads\/2022\/04\/Text_Bilder-13-650x370.jpg\" alt='' title='default'  height=\"370\" width=\"650\"  itemprop=\"thumbnailUrl\"  \/><\/div><\/div><\/div><\/div><div class='av-flex-placeholder'><\/div>\n<style type=\"text\/css\" data-created_by=\"avia_inline_auto\" id=\"style-css-av-zenh-ca645a5c22e168ebf1229f2a4ae0eebd\">\n.flex_column.av-zenh-ca645a5c22e168ebf1229f2a4ae0eebd{\nwidth:48.5%;\nmargin-left:0;\npadding:0 0 0 80px;\n}\n#top .flex_column_table.av-equal-height-column-flextable.av-zenh-ca645a5c22e168ebf1229f2a4ae0eebd .av-flex-placeholder{\nwidth:3%;\n}\n<\/style>\n<div  class='flex_column av-zenh-ca645a5c22e168ebf1229f2a4ae0eebd av_one_half  avia-builder-el-15  el_after_av_one_half  avia-builder-el-last  no-padding-mobile flex_column_table_cell av-equal-height-column av-align-middle  column-top-margin'     ><section  class='av_textblock_section av-l25tqqc4-80a90bc26bd5b8beadaa1fa0f534f2bc '   itemscope=\"itemscope\" itemtype=\"https:\/\/schema.org\/CreativeWork\" ><div class='avia_textblock'  itemprop=\"text\" ><p>With our strong believe in a future, where power is solely coming from renewable sources, we want help to build this future already today.<\/p>\n<p>Therefore, we support our customers\u00a0throughout the entire lifecycle of their projects in energy production, distribution, and more efficient consumption.<\/p>\n<\/div><\/section><\/div><\/div><!--close column table wrapper. Autoclose: 1 -->\n\n[av_section min_height='' min_height_pc='25' min_height_px='500px' padding='large' custom_margin='0px' custom_margin_sync='true' svg_div_top='' svg_div_top_color='#333333' svg_div_top_width='100' svg_div_top_height='50' svg_div_top_max_height='none' svg_div_top_opacity='' svg_div_bottom='' svg_div_bottom_color='#333333' svg_div_bottom_width='100' svg_div_bottom_height='50' svg_div_bottom_max_height='none' svg_div_bottom_opacity='' color='main_color' background='bg_color' custom_bg='' background_gradient_direction='vertical' background_gradient_color1='#000000' background_gradient_color2='#ffffff' background_gradient_color3='' src='' attachment='' attachment_size='' attach='scroll' position='top left' repeat='no-repeat' video='' video_ratio='16:9' overlay_opacity='0.5' overlay_color='' overlay_pattern='' overlay_custom_pattern='' shadow='no-border-styling' bottom_border='no-border-styling' bottom_border_diagonal_color='#333333' bottom_border_diagonal_direction='' bottom_border_style='' custom_arrow_bg='' id='' custom_class='' template_class='' aria_label='' element_template='' one_element_template='' av_element_hidden_in_editor='0' av_uid='av-npved' sc_version='1.0']\r\n\r\n[av_one_half first min_height='av-equal-height-column' vertical_alignment='av-align-top' space='5' row_boxshadow_color='' row_boxshadow_width='10' margin='0px' margin_sync='true' mobile_breaking='' mobile_column_order='' min_col_height='' padding='' padding_sync='true' svg_div_top='' svg_div_top_color='#333333' svg_div_top_width='100' svg_div_top_height='50' svg_div_top_max_height='none' svg_div_top_opacity='' svg_div_bottom='' svg_div_bottom_color='#333333' svg_div_bottom_width='100' svg_div_bottom_height='50' svg_div_bottom_max_height='none' svg_div_bottom_opacity='' border='' border_style='solid' border_color='' radius='' radius_sync='true' column_boxshadow_color='' column_boxshadow_width='10' background='bg_color' background_color='' background_gradient_direction='vertical' background_gradient_color1='#000000' background_gradient_color2='#ffffff' background_gradient_color3='' src='https:\/\/helioconsult.de\/wp-content\/uploads\/2022\/03\/contact-envelope.png' attachment='275' attachment_size='full' background_position='center center' background_repeat='contain' highlight_size='1.1' animation='' link='' linktarget='' link_hover='' title_attr='' alt_attr='' mobile_display='' mobile_col_pos='0' id='' custom_class='' template_class='' aria_label='' element_template='' one_element_template='' av_uid='av-l1c3xx0k' sc_version='1.0']\r\n\r\n[av_heading heading='Request now without obligation' tag='h2' style='blockquote modern-quote' subheading_active='' show_icon='' icon='ue800' font='entypo-fontello' size='' av-medium-font-size-title='' av-small-font-size-title='' av-mini-font-size-title='' subheading_size='' av-medium-font-size='' av-small-font-size='' av-mini-font-size='' icon_size='' av-medium-font-size-1='' av-small-font-size-1='' av-mini-font-size-1='' color='' custom_font='' subheading_color='' seperator_color='' icon_color='' margin='' margin_sync='true' padding='10' icon_padding='10' headline_padding='' headline_padding_sync='true' link='' link_target='' id='' custom_class='' template_class='' element_template='' one_element_template='' av_uid='av-l1c3yk1r' sc_version='1.0' admin_preview_bg=''][\/av_heading]\r\n\r\n[av_textblock textblock_styling_align='' textblock_styling='' textblock_styling_gap='' textblock_styling_mobile='' size='' av-medium-font-size='' av-small-font-size='' av-mini-font-size='' font_color='' color='' id='' custom_class='' template_class='' element_template='' one_element_template='' av_uid='av-l1c3yuow' sc_version='1.0' admin_preview_bg='']\r\nAre you looking for more information about our services? You want to arrange a personal meeting or become a partner? Please use our contact form below.\r\n[\/av_textblock]\r\n\r\n[\/av_one_half][av_one_half min_height='' vertical_alignment='av-align-top' space='' row_boxshadow='' row_boxshadow_color='' row_boxshadow_width='10' custom_margin='' margin='0px' mobile_breaking='' mobile_column_order='' min_col_height='' padding='' svg_div_top='' svg_div_top_color='#333333' svg_div_top_width='100' svg_div_top_height='50' svg_div_top_max_height='none' svg_div_top_flip='' svg_div_top_invert='' svg_div_top_front='' svg_div_top_opacity='' svg_div_top_preview='' svg_div_bottom='' svg_div_bottom_color='#333333' svg_div_bottom_width='100' svg_div_bottom_height='50' svg_div_bottom_max_height='none' svg_div_bottom_flip='' svg_div_bottom_invert='' svg_div_bottom_front='' svg_div_bottom_opacity='' svg_div_bottom_preview='' border='' border_style='solid' border_color='' radius='' column_boxshadow='' column_boxshadow_color='' column_boxshadow_width='10' background='bg_color' background_color='' background_gradient_direction='vertical' background_gradient_color1='#000000' background_gradient_color2='#ffffff' background_gradient_color3='' src='' background_position='top left' background_repeat='no-repeat' highlight='' highlight_size='' animation='' link='' linktarget='' link_hover='' title_attr='' alt_attr='' mobile_display='' mobile_col_pos='0' id='' custom_class='' template_class='' aria_label='' element_template='' one_element_template='' show_locked_options_fakearg='' av_uid='av-ej5j9' sc_version='1.0']\r\n\r\n[av_codeblock wrapper_element='' wrapper_element_attributes='' codeblock_type='' alb_description='' id='' custom_class='' template_class='' av_uid='av-bv3z1' sc_version='1.0']\r\n[contact-form-7 id=\"2155\" title=\"Contact Form EN\"]\r\n[\/av_codeblock]\r\n\r\n[\/av_one_half][\/av_section]\n","protected":false},"excerpt":{"rendered":"","protected":false},"author":1,"featured_media":0,"parent":0,"menu_order":0,"comment_status":"closed","ping_status":"closed","template":"","meta":{"footnotes":""},"class_list":["post-1091","page","type-page","status-publish","hentry"],"yoast_head":"<!-- This site is optimized with the Yoast SEO plugin v27.4 - https:\/\/yoast.com\/product\/yoast-seo-wordpress\/ -->\n<title>Our Mission - helioconsult<\/title>\n<meta name=\"robots\" content=\"index, follow, max-snippet:-1, max-image-preview:large, max-video-preview:-1\" \/>\n<link rel=\"canonical\" href=\"https:\/\/helioconsult.de\/en\/our-mission\/\" \/>\n<meta property=\"og:locale\" content=\"en_US\" \/>\n<meta property=\"og:type\" content=\"article\" \/>\n<meta property=\"og:title\" content=\"Our Mission - helioconsult\" \/>\n<meta property=\"og:url\" content=\"https:\/\/helioconsult.de\/en\/our-mission\/\" \/>\n<meta property=\"og:site_name\" content=\"helioconsult\" \/>\n<meta property=\"article:modified_time\" content=\"2022-05-24T11:41:52+00:00\" \/>\n<meta name=\"twitter:card\" content=\"summary_large_image\" \/>\n<meta name=\"twitter:label1\" content=\"Est. reading time\" \/>\n\t<meta name=\"twitter:data1\" content=\"6 minutes\" \/>\n<script type=\"application\/ld+json\" class=\"yoast-schema-graph\">{\"@context\":\"https:\\\/\\\/schema.org\",\"@graph\":[{\"@type\":\"WebPage\",\"@id\":\"https:\\\/\\\/helioconsult.de\\\/en\\\/our-mission\\\/\",\"url\":\"https:\\\/\\\/helioconsult.de\\\/en\\\/our-mission\\\/\",\"name\":\"Our Mission - helioconsult\",\"isPartOf\":{\"@id\":\"https:\\\/\\\/helioconsult.de\\\/#website\"},\"datePublished\":\"2022-03-16T13:10:34+00:00\",\"dateModified\":\"2022-05-24T11:41:52+00:00\",\"breadcrumb\":{\"@id\":\"https:\\\/\\\/helioconsult.de\\\/en\\\/our-mission\\\/#breadcrumb\"},\"inLanguage\":\"en-US\",\"potentialAction\":[{\"@type\":\"ReadAction\",\"target\":[\"https:\\\/\\\/helioconsult.de\\\/en\\\/our-mission\\\/\"]}]},{\"@type\":\"BreadcrumbList\",\"@id\":\"https:\\\/\\\/helioconsult.de\\\/en\\\/our-mission\\\/#breadcrumb\",\"itemListElement\":[{\"@type\":\"ListItem\",\"position\":1,\"name\":\"Startseite\",\"item\":\"https:\\\/\\\/helioconsult.de\\\/en\\\/\"},{\"@type\":\"ListItem\",\"position\":2,\"name\":\"Our Mission\"}]},{\"@type\":\"WebSite\",\"@id\":\"https:\\\/\\\/helioconsult.de\\\/#website\",\"url\":\"https:\\\/\\\/helioconsult.de\\\/\",\"name\":\"helioconsult\",\"description\":\"Ihr unabh\u00e4ngiger Partner f\u00fcr erneuerbare Energiel\u00f6sungen\",\"potentialAction\":[{\"@type\":\"SearchAction\",\"target\":{\"@type\":\"EntryPoint\",\"urlTemplate\":\"https:\\\/\\\/helioconsult.de\\\/?s={search_term_string}\"},\"query-input\":{\"@type\":\"PropertyValueSpecification\",\"valueRequired\":true,\"valueName\":\"search_term_string\"}}],\"inLanguage\":\"en-US\"}]}<\/script>\n<!-- \/ Yoast SEO plugin. -->","yoast_head_json":{"title":"Our Mission - helioconsult","robots":{"index":"index","follow":"follow","max-snippet":"max-snippet:-1","max-image-preview":"max-image-preview:large","max-video-preview":"max-video-preview:-1"},"canonical":"https:\/\/helioconsult.de\/en\/our-mission\/","og_locale":"en_US","og_type":"article","og_title":"Our Mission - helioconsult","og_url":"https:\/\/helioconsult.de\/en\/our-mission\/","og_site_name":"helioconsult","article_modified_time":"2022-05-24T11:41:52+00:00","twitter_card":"summary_large_image","twitter_misc":{"Est. reading time":"6 minutes"},"schema":{"@context":"https:\/\/schema.org","@graph":[{"@type":"WebPage","@id":"https:\/\/helioconsult.de\/en\/our-mission\/","url":"https:\/\/helioconsult.de\/en\/our-mission\/","name":"Our Mission - helioconsult","isPartOf":{"@id":"https:\/\/helioconsult.de\/#website"},"datePublished":"2022-03-16T13:10:34+00:00","dateModified":"2022-05-24T11:41:52+00:00","breadcrumb":{"@id":"https:\/\/helioconsult.de\/en\/our-mission\/#breadcrumb"},"inLanguage":"en-US","potentialAction":[{"@type":"ReadAction","target":["https:\/\/helioconsult.de\/en\/our-mission\/"]}]},{"@type":"BreadcrumbList","@id":"https:\/\/helioconsult.de\/en\/our-mission\/#breadcrumb","itemListElement":[{"@type":"ListItem","position":1,"name":"Startseite","item":"https:\/\/helioconsult.de\/en\/"},{"@type":"ListItem","position":2,"name":"Our Mission"}]},{"@type":"WebSite","@id":"https:\/\/helioconsult.de\/#website","url":"https:\/\/helioconsult.de\/","name":"helioconsult","description":"Ihr unabh\u00e4ngiger Partner f\u00fcr erneuerbare Energiel\u00f6sungen","potentialAction":[{"@type":"SearchAction","target":{"@type":"EntryPoint","urlTemplate":"https:\/\/helioconsult.de\/?s={search_term_string}"},"query-input":{"@type":"PropertyValueSpecification","valueRequired":true,"valueName":"search_term_string"}}],"inLanguage":"en-US"}]}},"_links":{"self":[{"href":"https:\/\/helioconsult.de\/en\/wp-json\/wp\/v2\/pages\/1091","targetHints":{"allow":["GET"]}}],"collection":[{"href":"https:\/\/helioconsult.de\/en\/wp-json\/wp\/v2\/pages"}],"about":[{"href":"https:\/\/helioconsult.de\/en\/wp-json\/wp\/v2\/types\/page"}],"author":[{"embeddable":true,"href":"https:\/\/helioconsult.de\/en\/wp-json\/wp\/v2\/users\/1"}],"replies":[{"embeddable":true,"href":"https:\/\/helioconsult.de\/en\/wp-json\/wp\/v2\/comments?post=1091"}],"version-history":[{"count":26,"href":"https:\/\/helioconsult.de\/en\/wp-json\/wp\/v2\/pages\/1091\/revisions"}],"predecessor-version":[{"id":2788,"href":"https:\/\/helioconsult.de\/en\/wp-json\/wp\/v2\/pages\/1091\/revisions\/2788"}],"wp:attachment":[{"href":"https:\/\/helioconsult.de\/en\/wp-json\/wp\/v2\/media?parent=1091"}],"curies":[{"name":"wp","href":"https:\/\/api.w.org\/{rel}","templated":true}]}}