{"id":1053,"date":"2022-04-19T11:49:34","date_gmt":"2022-04-19T09:49:34","guid":{"rendered":"https:\/\/helioconsult.de\/solaranlagen-due-diligence\/"},"modified":"2022-09-13T10:40:37","modified_gmt":"2022-09-13T08:40:37","slug":"solar-project-due-diligence","status":"publish","type":"page","link":"https:\/\/helioconsult.de\/en\/solar-project-due-diligence\/","title":{"rendered":"Solar project due diligence"},"content":{"rendered":"<div id='full_slider_1'  class='avia-fullwidth-slider main_color avia-shadow   avia-builder-el-0  el_before_av_section  avia-builder-el-first   container_wrap fullsize'  ><div  class='avia-slideshow av-l28rftad-598388b46c8b884c7222dc24bfb3aa69 avia-slideshow-no scaling av_slideshow_full avia-fade-slider av-slideshow-ui av-control-minimal av-slideshow-manual av-loop-once av-loop-manual-endless av-default-height-applied   avia-slideshow-1' data-slideshow-options=\"{&quot;animation&quot;:&quot;fade&quot;,&quot;autoplay&quot;:false,&quot;loop_autoplay&quot;:&quot;once&quot;,&quot;interval&quot;:5,&quot;loop_manual&quot;:&quot;manual-endless&quot;,&quot;autoplay_stopper&quot;:false,&quot;noNavigation&quot;:false,&quot;bg_slider&quot;:false,&quot;keep_padding&quot;:false,&quot;hoverpause&quot;:false,&quot;show_slide_delay&quot;:0}\"  itemprop=\"image\" itemscope=\"itemscope\" itemtype=\"https:\/\/schema.org\/ImageObject\" ><ul class='avia-slideshow-inner ' style='padding-bottom: 36.458333333333%;'><li  class='avia-slideshow-slide av-l28rftad-598388b46c8b884c7222dc24bfb3aa69__0  av-single-slide slide-1 slide-odd'><div data-rel='slideshow-1' class='avia-slide-wrap '   ><div class='av-slideshow-caption av-l28rftad-598388b46c8b884c7222dc24bfb3aa69__0 caption_fullwidth caption_left caption_left_framed caption_framed'><div class=\"container caption_container\"><div class=\"slideshow_caption\"><div class=\"slideshow_inner_caption\"><div class=\"slideshow_align_caption\"><div class='avia-caption-content '  itemprop=\"description\" ><h1>Solar project due diligence<\/h1>\n<\/div><a href='https:\/\/helioconsult.de\/en\/request-a-project-now\/'  class='avia-slideshow-button avia-button avia-color-red ' data-duration='800' data-easing='easeInOutQuad'>Request a project now!<\/a><\/div><\/div><\/div><\/div><\/div><img decoding=\"async\" fetchpriority=\"high\" class=\"wp-image-586 avia-img-lazy-loading-not-586\"  src=\"https:\/\/helioconsult.de\/wp-content\/uploads\/2022\/04\/Slider_Bilder-16.jpg\" width=\"1920\" height=\"700\" title='default' alt=''  itemprop=\"thumbnailUrl\"  style='min-height:500px; min-width:1372px; ' srcset=\"https:\/\/helioconsult.de\/wp-content\/uploads\/2022\/04\/Slider_Bilder-16.jpg 1920w, https:\/\/helioconsult.de\/wp-content\/uploads\/2022\/04\/Slider_Bilder-16-300x109.jpg 300w, https:\/\/helioconsult.de\/wp-content\/uploads\/2022\/04\/Slider_Bilder-16-1030x376.jpg 1030w, https:\/\/helioconsult.de\/wp-content\/uploads\/2022\/04\/Slider_Bilder-16-768x280.jpg 768w, https:\/\/helioconsult.de\/wp-content\/uploads\/2022\/04\/Slider_Bilder-16-1536x560.jpg 1536w, https:\/\/helioconsult.de\/wp-content\/uploads\/2022\/04\/Slider_Bilder-16-1500x547.jpg 1500w, https:\/\/helioconsult.de\/wp-content\/uploads\/2022\/04\/Slider_Bilder-16-705x257.jpg 705w\" sizes=\"(max-width: 1920px) 100vw, 1920px\" \/><div class='av-section-color-overlay' style='opacity: 0.3; background-color: #000000; '><\/div><\/div><\/li><\/ul><\/div><\/div>\n\n<style type=\"text\/css\" data-created_by=\"avia_inline_auto\" id=\"style-css-av-2fe98f-0b785873c78b1fc1b690c395e739162f\">\n.avia-section.av-2fe98f-0b785873c78b1fc1b690c395e739162f{\nmargin-top:-100px;\nmargin-bottom:0px;\n}\n#top .avia-section.av-2fe98f-0b785873c78b1fc1b690c395e739162f .scroll-down-link{\ncolor:#ffffff;\n}\n#top .avia-section.av-2fe98f-0b785873c78b1fc1b690c395e739162f .scroll-down-link.avia-svg-icon svg:first-child{\nstroke:#ffffff;\nfill:#ffffff;\n}\n<\/style>\n<div id='av_section_1'  class='avia-section av-2fe98f-0b785873c78b1fc1b690c395e739162f main_color avia-section-no-padding avia-no-border-styling  avia-builder-el-1  el_after_av_slideshow_full  el_before_av_section  scroll-down avia-bg-style-scroll container_wrap fullsize'  ><div class=\"av-section-color-overlay-wrap\"><a href='#next-section' title='' class='scroll-down-link av-custom-scroll-down-color avia-svg-icon avia-font-svg_entypo-fontello' data-av_svg_icon='down-open-mini' data-av_iconset='svg_entypo-fontello'><svg version=\"1.1\" xmlns=\"http:\/\/www.w3.org\/2000\/svg\" width=\"15\" height=\"32\" viewBox=\"0 0 15 32\" preserveAspectRatio=\"xMidYMid meet\" aria-labelledby='av-svg-title-1' aria-describedby='av-svg-desc-1' role=\"graphics-symbol\" aria-hidden=\"true\">\n<title id='av-svg-title-1'>Scroll to next section<\/title>\n<desc id='av-svg-desc-1'>Scroll to next section<\/desc>\n<path d=\"M12.96 12.16q0.704-0.832 1.536 0 0.832 0.704 0 1.536l-6.272 6.144q-0.704 0.704-1.536 0l-6.272-6.144q-0.832-0.832 0-1.536 0.768-0.768 1.6 0l5.44 4.992z\"><\/path>\n<\/svg><\/a><div class='container av-section-cont-open' ><div class='template-page content  av-content-full alpha units'><div class='post-entry post-entry-type-page post-entry-1053'><div class='entry-content-wrapper clearfix'>\n<\/div><\/div><\/div><!-- close content main div --><\/div><\/div><\/div><div id='av_section_2'  class='avia-section av-26o6wn-99fd7c2fcfd4416066c7198526003e6f main_color avia-section-large avia-no-border-styling  avia-builder-el-2  el_after_av_section  avia-builder-el-last  no-pd-top ec-iconbox avia-bg-style-scroll container_wrap fullsize'  ><div class='container av-section-cont-open' ><div class='template-page content  av-content-full alpha units'><div class='post-entry post-entry-type-page post-entry-1053'><div class='entry-content-wrapper clearfix'>\n<div  class='flex_column av-20sme7-273edc7b30fae9cf55f0277c06c907be av_one_full  avia-builder-el-3  el_before_av_one_half  avia-builder-el-first  first flex_column_div  '     ><style type=\"text\/css\" data-created_by=\"avia_inline_auto\" id=\"style-css-av-l25yg0hn-8f8b63eb0874c54732c9fc9a1cc6c55b\">\n#top .av-special-heading.av-l25yg0hn-8f8b63eb0874c54732c9fc9a1cc6c55b{\npadding-bottom:10px;\n}\nbody .av-special-heading.av-l25yg0hn-8f8b63eb0874c54732c9fc9a1cc6c55b .av-special-heading-tag .heading-char{\nfont-size:25px;\n}\n.av-special-heading.av-l25yg0hn-8f8b63eb0874c54732c9fc9a1cc6c55b .av-subheading{\nfont-size:15px;\n}\n<\/style>\n<div  class='av-special-heading av-l25yg0hn-8f8b63eb0874c54732c9fc9a1cc6c55b av-special-heading-h2 blockquote modern-quote modern-centered  avia-builder-el-4  avia-builder-el-no-sibling '><h2 class='av-special-heading-tag '  itemprop=\"headline\"  >Independent PV due diligence<\/h2><div class=\"special-heading-border\"><div class=\"special-heading-inner-border\"><\/div><\/div><\/div><\/div><div class='flex_column_table av-1vaomf-10495209c7b145045f6a9994414ecbf4 sc-av_one_half av-equal-height-column-flextable'>\n<style type=\"text\/css\" data-created_by=\"avia_inline_auto\" id=\"style-css-av-1vaomf-10495209c7b145045f6a9994414ecbf4\">\n.flex_column.av-1vaomf-10495209c7b145045f6a9994414ecbf4{\nwidth:48.5%;\nmargin-left:0;\n}\n#top .flex_column_table.av-equal-height-column-flextable.av-1vaomf-10495209c7b145045f6a9994414ecbf4 .av-flex-placeholder{\nwidth:3%;\n}\n<\/style>\n<div  class='flex_column av-1vaomf-10495209c7b145045f6a9994414ecbf4 av_one_half  avia-builder-el-5  el_after_av_one_full  el_before_av_one_half  first flex_column_table_cell av-equal-height-column av-align-middle  column-top-margin'     ><style type=\"text\/css\" data-created_by=\"avia_inline_auto\" id=\"style-css-av-l25yi1e8-07143de23d1fa393f9df69efcdb24331\">\n.avia-image-container.av-l25yi1e8-07143de23d1fa393f9df69efcdb24331 img.avia_image{\nbox-shadow:none;\n}\n.avia-image-container.av-l25yi1e8-07143de23d1fa393f9df69efcdb24331 .av-image-caption-overlay-center{\ncolor:#ffffff;\n}\n<\/style>\n<div  class='avia-image-container av-l25yi1e8-07143de23d1fa393f9df69efcdb24331 av-styling- avia-align-  avia-builder-el-6  avia-builder-el-no-sibling '   itemprop=\"image\" itemscope=\"itemscope\" itemtype=\"https:\/\/schema.org\/ImageObject\" ><div class=\"avia-image-container-inner\"><div class=\"avia-image-overlay-wrap\"><img decoding=\"async\" fetchpriority=\"high\" class='wp-image-636 avia-img-lazy-loading-not-636 avia_image ' src=\"https:\/\/helioconsult.de\/wp-content\/uploads\/2022\/04\/Text_Bilder-2-650x370.jpg\" alt='' title='Text_Bilder-2'  height=\"370\" width=\"650\"  itemprop=\"thumbnailUrl\"  \/><\/div><\/div><\/div><\/div><div class='av-flex-placeholder'><\/div>\n<style type=\"text\/css\" data-created_by=\"avia_inline_auto\" id=\"style-css-av-1qlx07-0c84392c2e3e206cceffa3d8e5a67c49\">\n.flex_column.av-1qlx07-0c84392c2e3e206cceffa3d8e5a67c49{\nwidth:48.5%;\nmargin-left:0;\npadding:0 0 0 80px;\n}\n#top .flex_column_table.av-equal-height-column-flextable.av-1qlx07-0c84392c2e3e206cceffa3d8e5a67c49 .av-flex-placeholder{\nwidth:3%;\n}\n<\/style>\n<div  class='flex_column av-1qlx07-0c84392c2e3e206cceffa3d8e5a67c49 av_one_half  avia-builder-el-7  el_after_av_one_half  el_before_av_one_full  no-padding-mobile flex_column_table_cell av-equal-height-column av-align-middle  column-top-margin'     ><section  class='av_textblock_section av-l25yhei0-01813456e52ec4baebde5993adb59139 '   itemscope=\"itemscope\" itemtype=\"https:\/\/schema.org\/CreativeWork\" ><div class='avia_textblock'  itemprop=\"text\" ><p>An extensive technical and economical examination of your photovoltaic projects reveals risks regarding yield and safety of your PV system. Thereby it protects your investment.<\/p>\n<p>It doesn\u2019t matter if your PV project is in the actual planning phase, currently realized, or transferred to a new owner. Our modular concept provides the best solution for your individual requirements at any time.<\/p>\n<p>For plants up to 1 MWp we developed a standardized and economic procedure, which is fully accepted by banking institutions and investors.<\/p>\n<\/div><\/section><\/div><\/div><!--close column table wrapper. Autoclose: 1 --><div  class='flex_column av-njsmv-903d1ad09ae5429197cf37740dd94855 av_one_full  avia-builder-el-9  el_after_av_one_half  el_before_av_one_half  first flex_column_div  column-top-margin'     ><style type=\"text\/css\" data-created_by=\"avia_inline_auto\" id=\"style-css-av-l25yfmox-14fe2f9de0fc28c00cd2e38f7e8e5e52\">\n#top .av-special-heading.av-l25yfmox-14fe2f9de0fc28c00cd2e38f7e8e5e52{\npadding-bottom:10px;\n}\nbody .av-special-heading.av-l25yfmox-14fe2f9de0fc28c00cd2e38f7e8e5e52 .av-special-heading-tag .heading-char{\nfont-size:25px;\n}\n.av-special-heading.av-l25yfmox-14fe2f9de0fc28c00cd2e38f7e8e5e52 .av-subheading{\nfont-size:15px;\n}\n<\/style>\n<div  class='av-special-heading av-l25yfmox-14fe2f9de0fc28c00cd2e38f7e8e5e52 av-special-heading-h3 blockquote modern-quote modern-centered  avia-builder-el-10  avia-builder-el-no-sibling '><h3 class='av-special-heading-tag '  itemprop=\"headline\"  >The following services can be compiled individually:<\/h3><div class=\"special-heading-border\"><div class=\"special-heading-inner-border\"><\/div><\/div><\/div><\/div><div  class='flex_column av-hklpz-b94e8a842673374172e40cc763f5536d av_one_half  avia-builder-el-11  el_after_av_one_full  el_before_av_one_half  first flex_column_div  column-top-margin'     ><style type=\"text\/css\" data-created_by=\"avia_inline_auto\" id=\"style-css-av-l28rgzeg-5998bf30a4b8124d59caf1ad7933c6c4\">\n#top .avia-icon-list-container.av-l28rgzeg-5998bf30a4b8124d59caf1ad7933c6c4 .iconlist_icon{\ncolor:#c1272d;\nfont-size:16px;\n}\n#top .avia-icon-list-container.av-l28rgzeg-5998bf30a4b8124d59caf1ad7933c6c4 .iconlist_icon svg:first-child{\nstroke:#c1272d;\nfill:#c1272d;\nheight:16px;\nwidth:16px;\n}\n#top #wrap_all .avia-icon-list-container.av-l28rgzeg-5998bf30a4b8124d59caf1ad7933c6c4 .av_iconlist_title{\nfont-size:16px;\n}\n<\/style>\n<div  class='avia-icon-list-container av-l28rgzeg-5998bf30a4b8124d59caf1ad7933c6c4  avia-builder-el-12  avia-builder-el-no-sibling '><ul class='avia-icon-list avia_animate_when_almost_visible avia-icon-list-left av-iconlist-small av-l28rgzeg-5998bf30a4b8124d59caf1ad7933c6c4 avia-iconlist-animate'>\n<li><div class='iconlist_icon av-l28rgmpb-7bc95117a97cbb7860b91234d0053889 avia-font-helioconsult-iconfont avia-iconfont avia-font-helioconsult-iconfont'><span class='av-icon-char' data-av_icon='\ue90a' data-av_iconfont='helioconsult-iconfont' aria-hidden=\"true\"><\/span><\/div><article class=\"article-icon-entry av-iconlist-empty\"  itemscope=\"itemscope\" itemtype=\"https:\/\/schema.org\/CreativeWork\" ><div class=\"iconlist_content_wrap\"><header class=\"entry-content-header\" aria-label=\"Icon: The part \u201cproject status\u201d summarizes the current conditions of your project and serves as a frame document for additional parts of the report. \"><div class='av_iconlist_title iconlist_title_small  '  itemprop=\"headline\" >The part \u201cproject status\u201d summarizes the current conditions of your project and serves as a frame document for additional parts of the report. <\/div><\/header><div class='iconlist_content '  itemprop=\"text\" ><\/div><\/div><footer class=\"entry-footer\"><\/footer><\/article><div class=\"iconlist-timeline\"><\/div><\/li>\n<li><div class='iconlist_icon av-l28rgsz1-54108ac7447a95193bbcbf7d326a5c48 avia-font-helioconsult-iconfont avia-iconfont avia-font-helioconsult-iconfont'><span class='av-icon-char' data-av_icon='\ue90a' data-av_iconfont='helioconsult-iconfont' aria-hidden=\"true\"><\/span><\/div><article class=\"article-icon-entry av-iconlist-empty\"  itemscope=\"itemscope\" itemtype=\"https:\/\/schema.org\/CreativeWork\" ><div class=\"iconlist_content_wrap\"><header class=\"entry-content-header\" aria-label=\"Icon: A detailed analysis of components and the entire project planning identifies risks at an early stage and helps to handle them. \"><div class='av_iconlist_title iconlist_title_small  '  itemprop=\"headline\" >A detailed analysis of components and the entire project planning identifies risks at an early stage and helps to handle them. <\/div><\/header><div class='iconlist_content '  itemprop=\"text\" ><\/div><\/div><footer class=\"entry-footer\"><\/footer><\/article><div class=\"iconlist-timeline\"><\/div><\/li>\n<li><div class='iconlist_icon av-l28rgy4g-5e6fede9f07cf6073edaa94515c58da0 avia-font-helioconsult-iconfont avia-iconfont avia-font-helioconsult-iconfont'><span class='av-icon-char' data-av_icon='\ue90a' data-av_iconfont='helioconsult-iconfont' aria-hidden=\"true\"><\/span><\/div><article class=\"article-icon-entry av-iconlist-empty\"  itemscope=\"itemscope\" itemtype=\"https:\/\/schema.org\/CreativeWork\" ><div class=\"iconlist_content_wrap\"><header class=\"entry-content-header\" aria-label=\"Icon: An included yield estimation gives an independent analysis regarding your actual expected profit based on a reliable simulation.\"><div class='av_iconlist_title iconlist_title_small  '  itemprop=\"headline\" >An included yield estimation gives an independent analysis regarding your actual expected profit based on a reliable simulation.<\/div><\/header><div class='iconlist_content '  itemprop=\"text\" ><\/div><\/div><footer class=\"entry-footer\"><\/footer><\/article><div class=\"iconlist-timeline\"><\/div><\/li>\n<\/ul><\/div><\/div><div  class='flex_column av-awwv3-055fe7754baebeeaf3d060addd88572c av_one_half  avia-builder-el-13  el_after_av_one_half  avia-builder-el-last  flex_column_div  column-top-margin'     ><style type=\"text\/css\" data-created_by=\"avia_inline_auto\" id=\"style-css-av-l28rhkml-bcdf1bb5874804f243c9d063b7997e3a\">\n#top .avia-icon-list-container.av-l28rhkml-bcdf1bb5874804f243c9d063b7997e3a .iconlist_icon{\ncolor:#c1272d;\nfont-size:16px;\n}\n#top .avia-icon-list-container.av-l28rhkml-bcdf1bb5874804f243c9d063b7997e3a .iconlist_icon svg:first-child{\nstroke:#c1272d;\nfill:#c1272d;\nheight:16px;\nwidth:16px;\n}\n#top #wrap_all .avia-icon-list-container.av-l28rhkml-bcdf1bb5874804f243c9d063b7997e3a .av_iconlist_title{\nfont-size:16px;\n}\n<\/style>\n<div  class='avia-icon-list-container av-l28rhkml-bcdf1bb5874804f243c9d063b7997e3a  avia-builder-el-14  avia-builder-el-no-sibling '><ul class='avia-icon-list avia_animate_when_almost_visible avia-icon-list-left av-iconlist-small av-l28rhkml-bcdf1bb5874804f243c9d063b7997e3a avia-iconlist-animate'>\n<li><div class='iconlist_icon av-l28rh586-254ef051bff9115ea8e35ac600569c50 avia-font-helioconsult-iconfont avia-iconfont avia-font-helioconsult-iconfont'><span class='av-icon-char' data-av_icon='\ue90a' data-av_iconfont='helioconsult-iconfont' aria-hidden=\"true\"><\/span><\/div><article class=\"article-icon-entry av-iconlist-empty\"  itemscope=\"itemscope\" itemtype=\"https:\/\/schema.org\/CreativeWork\" ><div class=\"iconlist_content_wrap\"><header class=\"entry-content-header\" aria-label=\"Icon: The review of technical aspects within project related contracts (e.g., EPC, O&amp;M, PPA, leasehold etc.) is the foundation for precise definitions and regulations. \"><div class='av_iconlist_title iconlist_title_small  '  itemprop=\"headline\" >The review of technical aspects within project related contracts (e.g., EPC, O&amp;M, PPA, leasehold etc.) is the foundation for precise definitions and regulations. <\/div><\/header><div class='iconlist_content '  itemprop=\"text\" ><\/div><\/div><footer class=\"entry-footer\"><\/footer><\/article><div class=\"iconlist-timeline\"><\/div><\/li>\n<li><div class='iconlist_icon av-l28rhdnb-f06f8562258b6edd2ec113b1c34f7ed0 avia-font-helioconsult-iconfont avia-iconfont avia-font-helioconsult-iconfont'><span class='av-icon-char' data-av_icon='\ue90a' data-av_iconfont='helioconsult-iconfont' aria-hidden=\"true\"><\/span><\/div><article class=\"article-icon-entry av-iconlist-empty\"  itemscope=\"itemscope\" itemtype=\"https:\/\/schema.org\/CreativeWork\" ><div class=\"iconlist_content_wrap\"><header class=\"entry-content-header\" aria-label=\"Icon: As part of an on-site inspection defects during the implementation of the systems are identified. Beside electrical and thermographic examinations the safety of your project is evaluated and documented.\"><div class='av_iconlist_title iconlist_title_small  '  itemprop=\"headline\" >As part of an on-site inspection defects during the implementation of the systems are identified. Beside electrical and thermographic examinations the safety of your project is evaluated and documented.<\/div><\/header><div class='iconlist_content '  itemprop=\"text\" ><\/div><\/div><footer class=\"entry-footer\"><\/footer><\/article><div class=\"iconlist-timeline\"><\/div><\/li>\n<li><div class='iconlist_icon av-l28rhk4h-a339a8cad2e1ba3e4d05e18e80998566 avia-font-helioconsult-iconfont avia-iconfont avia-font-helioconsult-iconfont'><span class='av-icon-char' data-av_icon='\ue90a' data-av_iconfont='helioconsult-iconfont' aria-hidden=\"true\"><\/span><\/div><article class=\"article-icon-entry av-iconlist-empty\"  itemscope=\"itemscope\" itemtype=\"https:\/\/schema.org\/CreativeWork\" ><div class=\"iconlist_content_wrap\"><header class=\"entry-content-header\" aria-label=\"Icon: A performance check, based on data from the implemented site monitoring, reveals possible yield losses.\"><div class='av_iconlist_title iconlist_title_small  '  itemprop=\"headline\" >A performance check, based on data from the implemented site monitoring, reveals possible yield losses.<\/div><\/header><div class='iconlist_content '  itemprop=\"text\" ><\/div><\/div><footer class=\"entry-footer\"><\/footer><\/article><div class=\"iconlist-timeline\"><\/div><\/li>\n<\/ul><\/div><\/div>\n","protected":false},"excerpt":{"rendered":"","protected":false},"author":2,"featured_media":0,"parent":0,"menu_order":0,"comment_status":"closed","ping_status":"closed","template":"","meta":{"footnotes":""},"class_list":["post-1053","page","type-page","status-publish","hentry"],"yoast_head":"<!-- This site is optimized with the Yoast SEO plugin v27.4 - https:\/\/yoast.com\/product\/yoast-seo-wordpress\/ -->\n<title>Solar project due diligence - helioconsult<\/title>\n<meta name=\"robots\" content=\"index, follow, max-snippet:-1, max-image-preview:large, max-video-preview:-1\" \/>\n<link rel=\"canonical\" href=\"https:\/\/helioconsult.de\/en\/solar-project-due-diligence\/\" \/>\n<meta property=\"og:locale\" content=\"en_US\" \/>\n<meta property=\"og:type\" content=\"article\" \/>\n<meta property=\"og:title\" content=\"Solar project due diligence - helioconsult\" \/>\n<meta property=\"og:url\" content=\"https:\/\/helioconsult.de\/en\/solar-project-due-diligence\/\" \/>\n<meta property=\"og:site_name\" content=\"helioconsult\" \/>\n<meta property=\"article:modified_time\" content=\"2022-09-13T08:40:37+00:00\" \/>\n<meta name=\"twitter:card\" content=\"summary_large_image\" \/>\n<meta name=\"twitter:label1\" content=\"Est. reading time\" \/>\n\t<meta name=\"twitter:data1\" content=\"7 minutes\" \/>\n<script type=\"application\/ld+json\" class=\"yoast-schema-graph\">{\"@context\":\"https:\\\/\\\/schema.org\",\"@graph\":[{\"@type\":\"WebPage\",\"@id\":\"https:\\\/\\\/helioconsult.de\\\/en\\\/solar-project-due-diligence\\\/\",\"url\":\"https:\\\/\\\/helioconsult.de\\\/en\\\/solar-project-due-diligence\\\/\",\"name\":\"Solar project due diligence - helioconsult\",\"isPartOf\":{\"@id\":\"https:\\\/\\\/helioconsult.de\\\/#website\"},\"datePublished\":\"2022-04-19T09:49:34+00:00\",\"dateModified\":\"2022-09-13T08:40:37+00:00\",\"breadcrumb\":{\"@id\":\"https:\\\/\\\/helioconsult.de\\\/en\\\/solar-project-due-diligence\\\/#breadcrumb\"},\"inLanguage\":\"en-US\",\"potentialAction\":[{\"@type\":\"ReadAction\",\"target\":[\"https:\\\/\\\/helioconsult.de\\\/en\\\/solar-project-due-diligence\\\/\"]}]},{\"@type\":\"BreadcrumbList\",\"@id\":\"https:\\\/\\\/helioconsult.de\\\/en\\\/solar-project-due-diligence\\\/#breadcrumb\",\"itemListElement\":[{\"@type\":\"ListItem\",\"position\":1,\"name\":\"Startseite\",\"item\":\"https:\\\/\\\/helioconsult.de\\\/en\\\/\"},{\"@type\":\"ListItem\",\"position\":2,\"name\":\"Solar project due diligence\"}]},{\"@type\":\"WebSite\",\"@id\":\"https:\\\/\\\/helioconsult.de\\\/#website\",\"url\":\"https:\\\/\\\/helioconsult.de\\\/\",\"name\":\"helioconsult\",\"description\":\"Ihr unabh\u00e4ngiger Partner f\u00fcr erneuerbare Energiel\u00f6sungen\",\"potentialAction\":[{\"@type\":\"SearchAction\",\"target\":{\"@type\":\"EntryPoint\",\"urlTemplate\":\"https:\\\/\\\/helioconsult.de\\\/?s={search_term_string}\"},\"query-input\":{\"@type\":\"PropertyValueSpecification\",\"valueRequired\":true,\"valueName\":\"search_term_string\"}}],\"inLanguage\":\"en-US\"}]}<\/script>\n<!-- \/ Yoast SEO plugin. -->","yoast_head_json":{"title":"Solar project due diligence - helioconsult","robots":{"index":"index","follow":"follow","max-snippet":"max-snippet:-1","max-image-preview":"max-image-preview:large","max-video-preview":"max-video-preview:-1"},"canonical":"https:\/\/helioconsult.de\/en\/solar-project-due-diligence\/","og_locale":"en_US","og_type":"article","og_title":"Solar project due diligence - helioconsult","og_url":"https:\/\/helioconsult.de\/en\/solar-project-due-diligence\/","og_site_name":"helioconsult","article_modified_time":"2022-09-13T08:40:37+00:00","twitter_card":"summary_large_image","twitter_misc":{"Est. reading time":"7 minutes"},"schema":{"@context":"https:\/\/schema.org","@graph":[{"@type":"WebPage","@id":"https:\/\/helioconsult.de\/en\/solar-project-due-diligence\/","url":"https:\/\/helioconsult.de\/en\/solar-project-due-diligence\/","name":"Solar project due diligence - helioconsult","isPartOf":{"@id":"https:\/\/helioconsult.de\/#website"},"datePublished":"2022-04-19T09:49:34+00:00","dateModified":"2022-09-13T08:40:37+00:00","breadcrumb":{"@id":"https:\/\/helioconsult.de\/en\/solar-project-due-diligence\/#breadcrumb"},"inLanguage":"en-US","potentialAction":[{"@type":"ReadAction","target":["https:\/\/helioconsult.de\/en\/solar-project-due-diligence\/"]}]},{"@type":"BreadcrumbList","@id":"https:\/\/helioconsult.de\/en\/solar-project-due-diligence\/#breadcrumb","itemListElement":[{"@type":"ListItem","position":1,"name":"Startseite","item":"https:\/\/helioconsult.de\/en\/"},{"@type":"ListItem","position":2,"name":"Solar project due diligence"}]},{"@type":"WebSite","@id":"https:\/\/helioconsult.de\/#website","url":"https:\/\/helioconsult.de\/","name":"helioconsult","description":"Ihr unabh\u00e4ngiger Partner f\u00fcr erneuerbare Energiel\u00f6sungen","potentialAction":[{"@type":"SearchAction","target":{"@type":"EntryPoint","urlTemplate":"https:\/\/helioconsult.de\/?s={search_term_string}"},"query-input":{"@type":"PropertyValueSpecification","valueRequired":true,"valueName":"search_term_string"}}],"inLanguage":"en-US"}]}},"_links":{"self":[{"href":"https:\/\/helioconsult.de\/en\/wp-json\/wp\/v2\/pages\/1053","targetHints":{"allow":["GET"]}}],"collection":[{"href":"https:\/\/helioconsult.de\/en\/wp-json\/wp\/v2\/pages"}],"about":[{"href":"https:\/\/helioconsult.de\/en\/wp-json\/wp\/v2\/types\/page"}],"author":[{"embeddable":true,"href":"https:\/\/helioconsult.de\/en\/wp-json\/wp\/v2\/users\/2"}],"replies":[{"embeddable":true,"href":"https:\/\/helioconsult.de\/en\/wp-json\/wp\/v2\/comments?post=1053"}],"version-history":[{"count":7,"href":"https:\/\/helioconsult.de\/en\/wp-json\/wp\/v2\/pages\/1053\/revisions"}],"predecessor-version":[{"id":2801,"href":"https:\/\/helioconsult.de\/en\/wp-json\/wp\/v2\/pages\/1053\/revisions\/2801"}],"wp:attachment":[{"href":"https:\/\/helioconsult.de\/en\/wp-json\/wp\/v2\/media?parent=1053"}],"curies":[{"name":"wp","href":"https:\/\/api.w.org\/{rel}","templated":true}]}}